{"id":1669,"date":"2024-12-11T16:07:24","date_gmt":"2024-12-11T14:07:24","guid":{"rendered":"https:\/\/laserwall.it\/web\/?page_id=1669"},"modified":"2025-07-14T11:45:25","modified_gmt":"2025-07-14T09:45:25","slug":"cer-amministratori","status":"publish","type":"page","link":"https:\/\/laserwall.it\/web\/prodotti\/cer-comunita-energetica-rinnovabile\/cer-amministratori","title":{"rendered":"Comunit\u00e0 energetica Rinnovabile CER per Amministratori e Condomini"},"content":{"rendered":"\n<div class=\"wp-block-cover alignfull\" style=\"margin-bottom:var(--wp--preset--spacing--30)\"><img loading=\"lazy\" decoding=\"async\" width=\"1024\" height=\"219\" class=\"wp-block-cover__image-background wp-image-1403\" alt=\"\" src=\"https:\/\/laserwall.it\/web\/wp-content\/uploads\/2024\/11\/cer-lunga-1024x219.webp\" data-object-fit=\"cover\" srcset=\"https:\/\/laserwall.it\/web\/wp-content\/uploads\/2024\/11\/cer-lunga-1024x219.webp 1024w, https:\/\/laserwall.it\/web\/wp-content\/uploads\/2024\/11\/cer-lunga-300x64.webp 300w, https:\/\/laserwall.it\/web\/wp-content\/uploads\/2024\/11\/cer-lunga-768x164.webp 768w, https:\/\/laserwall.it\/web\/wp-content\/uploads\/2024\/11\/cer-lunga-1536x329.webp 1536w, https:\/\/laserwall.it\/web\/wp-content\/uploads\/2024\/11\/cer-lunga-2048x438.webp 2048w\" sizes=\"auto, (max-width: 1024px) 100vw, 1024px\" \/><span aria-hidden=\"true\" class=\"wp-block-cover__background has-background-dim\"><\/span><div class=\"wp-block-cover__inner-container is-layout-flow wp-block-cover-is-layout-flow\">\n<p class=\"has-text-align-center has-large-font-size\"><\/p>\n<\/div><\/div>\n\n\n<div class=\"yoast-breadcrumbs\"><span><span><a href=\"https:\/\/laserwall.it\/web\/\">Home<\/a><\/span> &gt; <span><a href=\"https:\/\/laserwall.it\/web\/prodotti\">Prodotti<\/a><\/span> &gt; <span><a href=\"https:\/\/laserwall.it\/web\/prodotti\/cer-comunita-energetica-rinnovabile\">CER<\/a><\/span> &gt; <span class=\"breadcrumb_last\" aria-current=\"page\">Comunit\u00e0 energetica Rinnovabile CER per Amministratori e Condomini<\/span><\/span><\/div>\n\n\n<h1 class=\"wp-block-heading\"><mark style=\"background-color:rgba(0, 0, 0, 0)\" class=\"has-inline-color has-ast-global-color-0-color\">Comunit\u00e0 Energetica Rinnovabile per il Condominio<\/mark><\/h1>\n\n\n\n<h3 class=\"wp-block-heading\" style=\"margin-top:var(--wp--preset--spacing--40);margin-bottom:var(--wp--preset--spacing--40)\">Come il Condominio pu\u00f2 partecipare alla CER<\/h3>\n\n\n\n<p>Se ha gi\u00e0 un impianto idoneo,  il condom\u00ecnio pu\u00f2 partecipare come <strong>produttore<\/strong> <strong>terzo<\/strong>. Se non dispone di un impianto, possiamo pensarci noi!<\/p>\n\n\n\n<h3 class=\"wp-block-heading\" style=\"margin-top:var(--wp--preset--spacing--40);margin-bottom:var(--wp--preset--spacing--40)\">Cosa deve fare il Condominio per iscriversi alla CER<\/h3>\n\n\n\n<div class=\"wp-block-columns is-layout-flex wp-container-core-columns-is-layout-833cc095 wp-block-columns-is-layout-flex\" style=\"padding-top:var(--wp--preset--spacing--20);padding-right:var(--wp--preset--spacing--70);padding-bottom:var(--wp--preset--spacing--20);padding-left:var(--wp--preset--spacing--70)\">\n<div class=\"wp-block-column is-layout-flow wp-container-core-column-is-layout-b2a27621 wp-block-column-is-layout-flow\" style=\"padding-top:0;padding-right:0;padding-bottom:0;padding-left:0\">\n<p>CONDOMINIO PRODUTTORE<br><strong>Non sono previsti interventi tecnici<\/strong>, \u00e8 sufficiente che l&#8217;Amministratore fornisca a Laserwall:<\/p>\n\n\n\n<ul class=\"wp-block-list\">\n<li>i dati  del condominio<\/li>\n\n\n\n<li>i dati della bolletta elettrica condominiale<\/li>\n\n\n\n<li>i dati dell&#8217;impianto di energia rinnovabile (pannelli fotovoltaici per esempio)<\/li>\n<\/ul>\n\n\n\n<p>Tutti questi dati serviranno per gestire la richiesta di iscrizione al Gestore Nazionale dell&#8217;energia.<\/p>\n\n\n\n<p><strong>Non \u00e8 necessario cambiare fornitore di energia elettrica.<\/strong><\/p>\n<\/div>\n<\/div>\n\n\n\n<h3 class=\"wp-block-heading\" style=\"margin-top:var(--wp--preset--spacing--40);margin-bottom:var(--wp--preset--spacing--40)\">Quali costi e quanto tempo ci vuole per iscriversi alla CER<\/h3>\n\n\n\n<p>La richiesta di iscrizione alla CER da parte del Condominio non comporta alcun costo. <br>Esistono diverse fasi prima che vengo erogato l&#8217;incentivo:<\/p>\n\n\n\n<ul class=\"wp-block-list\">\n<li><strong>Fase 1:<\/strong> Preiscrizione<\/li>\n\n\n\n<li><strong>Fase 2: <\/strong>Sottoscrizione Associazione Cer Italia come produttore terzo.<\/li>\n\n\n\n<li><strong>Fase 3: <\/strong>Aggiornamento CER presso l&#8217;ente gestore (GSE)<\/li>\n\n\n\n<li><strong>Fase 4:<\/strong> Calcolo dell&#8217;energia incentivata da parte del GSE ed erogazione fondi ad Associazione CER Italia<\/li>\n\n\n\n<li><strong>Fase 5:<\/strong> Ricezione fondi da parte del condominio (tramite bonifico su c\/c condominiale)<\/li>\n<\/ul>\n\n\n\n<p><br>Nella <strong>prima fase<\/strong> l&#8217;Amministratore chiede di pre-iscriversi. In questa fase vengono forniti i documenti necessari, vengono fatte le verifiche di conformit\u00e0 e se ok, si passa alla <strong>seconda fase<\/strong> che prevedi l&#8217;iscrizione alla CER Italia di riferimento, l&#8217;associazione che gestisce la Comunit\u00e0 energetica. All&#8217;atto dell&#8217;iscrizione all&#8217;Associazione, l&#8217;Amministratore, come rappresentante legale del Condominio, dovr\u00e0 sottoscrivere Statuto e Regolamento dell&#8217;Associazione. Nella <strong>terza fase<\/strong> si passano le informazioni raccolte all&#8217;ente gestore (GSE) che abilita il condominio e gli altri soggetti come CER. Nella <strong>quarta fase<\/strong>, il GSE verifica l&#8217;energia condivisa all&#8217;interno della CER e periodicamente liquida gli incentivi all&#8217;associazione che costituisce la CER. Nella <strong>quinta fase<\/strong>, l&#8217;Associazione bonifica ai partecipanti della CER(tra cui il condominio) gli incentivi ricevuti, salvo una piccola quota necessaria per la gestione della CER stessa.<br>La partecipazione della CER non presuppone quindi dei costi da pagare, perch\u00e9 questi costi sono dedotti dagli incentivi ricevuti. Costi di gestione che non possono superare il 20% del totale incentivi ricevuti.<\/p>\n\n\n\n<hr class=\"wp-block-separator has-alpha-channel-opacity is-style-default\" style=\"margin-top:var(--wp--preset--spacing--50);margin-bottom:var(--wp--preset--spacing--50)\"\/>\n\n\n\n<h3 class=\"wp-block-heading\">FAQ<\/h3>\n\n\n\n<h4 class=\"wp-block-heading\" style=\"padding-top:0;padding-right:0;padding-bottom:0;padding-left:0\">Quale energia \u00e8 incentivata? E come si calcolano gli incentivi?<\/h4>\n\n\n\n<blockquote class=\"wp-block-quote is-layout-flow wp-block-quote-is-layout-flow\">\n<p><em><strong>L&#8217;energia condivisa (incentivata) \u00e8 l\u2019energia prodotta all\u2019interno della CER e consumata istantaneamente dai partecipanti della CER<\/strong><\/em>.<br><em>Non \u00e8 facilissimo calcolare gli incentivi perch\u00e9 dipende da diversi fattori. Prima di tutto l\u2019<strong>energia condivisa <\/strong>\u00e8 il parametro da prendere in considerazione. <strong>Pi\u00f9 alta \u00e8 la percentuale di energia condivisa e pi\u00f9 alto \u00e8 l\u2019incentivo che riceve la CER<\/strong>. Quindi tutti i partecipanti hanno interesse ad aumentare questa quota.<\/em><\/p>\n<\/blockquote>\n\n\n\n<h4 class=\"wp-block-heading\">Il mio condominio ha gi\u00e0 un impianto fotovoltaico, pu\u00f2 entrare nella CER?<\/h4>\n\n\n\n<blockquote class=\"wp-block-quote is-layout-flow wp-block-quote-is-layout-flow\">\n<p><em><strong>Se dispone di nuovi impianti di energia rinnovabile<\/strong> (per es. pannelli fotovoltaici sul tetto) non attivati prima di Gennaio 2024 (data di creazione di CER Italia) e che non hanno goduto di altri incentivi, pu\u00f2 richiedere <\/em>l\u2019iscrizione come produttore terzo presso la Cer.<\/p>\n<\/blockquote>\n\n\n\n<div class=\"wp-block-media-text is-stacked-on-mobile\" style=\"padding-top:var(--wp--preset--spacing--40);padding-bottom:var(--wp--preset--spacing--40);grid-template-columns:20% auto\"><figure class=\"wp-block-media-text__media\"><a href=\"https:\/\/laserwall.it\/web\/contattaci\"><img loading=\"lazy\" decoding=\"async\" width=\"431\" height=\"404\" src=\"https:\/\/web.laserwall.it\/wp-content\/uploads\/2024\/10\/cer-paesaggio.png\" alt=\"\" class=\"wp-image-146 size-full\" srcset=\"https:\/\/laserwall.it\/web\/wp-content\/uploads\/2024\/10\/cer-paesaggio.png 431w, https:\/\/laserwall.it\/web\/wp-content\/uploads\/2024\/10\/cer-paesaggio-300x281.png 300w\" sizes=\"auto, (max-width: 431px) 100vw, 431px\" \/><\/a><\/figure><div class=\"wp-block-media-text__content\">\n<h3 class=\"wp-block-heading\">Sei un Amministratore e vuoi iscriverti alla nostra CER? Contatta il tuo commerciale o scrivici<\/h3>\n\n\n\n<div class=\"wp-block-buttons is-layout-flex wp-block-buttons-is-layout-flex\">\n<div class=\"wp-block-button has-custom-width wp-block-button__width-50\"><a class=\"wp-block-button__link wp-element-button\" href=\"https:\/\/laserwall.it\/web\/contattaci\" style=\"border-radius:12px;padding-top:var(--wp--preset--spacing--30);padding-bottom:var(--wp--preset--spacing--30)\"><strong><mark style=\"background-color:rgba(0, 0, 0, 0)\" class=\"has-inline-color has-ast-global-color-5-color\">Contattaci &gt;<\/mark><\/strong><\/a><\/div>\n<\/div>\n<\/div><\/div>\n\n\n\n<h5 class=\"wp-block-heading\">Sei un privato e vuoi iscriverti alla CER? Accedi all&#8217;<a href=\"https:\/\/laserwall.it\/web\/prodotti\/cer-comunita-energetica-rinnovabile\/cer-consumatori\">area dedicata<\/a><\/h5>\n\n\n\n<div style=\"height:100px\" aria-hidden=\"true\" class=\"wp-block-spacer\"><\/div>\n\n\n\n<p><\/p>\n","protected":false},"excerpt":{"rendered":"<p>Comunit\u00e0 Energetica Rinnovabile per il Condominio Come il Condominio pu\u00f2 partecipare alla CER Se ha gi\u00e0 un impianto idoneo, il condom\u00ecnio pu\u00f2 partecipare come produttore terzo. Se non dispone di un impianto, possiamo pensarci noi! Cosa deve fare il Condominio per iscriversi alla CER CONDOMINIO PRODUTTORENon sono previsti interventi tecnici, \u00e8 sufficiente che l&#8217;Amministratore fornisca [&hellip;]<\/p>\n","protected":false},"author":1,"featured_media":0,"parent":287,"menu_order":0,"comment_status":"closed","ping_status":"closed","template":"","meta":{"inline_featured_image":false,"site-sidebar-layout":"default","site-content-layout":"","ast-site-content-layout":"","site-content-style":"default","site-sidebar-style":"default","ast-global-header-display":"","ast-banner-title-visibility":"","ast-main-header-display":"","ast-hfb-above-header-display":"","ast-hfb-below-header-display":"","ast-hfb-mobile-header-display":"","site-post-title":"disabled","ast-breadcrumbs-content":"","ast-featured-img":"","footer-sml-layout":"","ast-disable-related-posts":"","theme-transparent-header-meta":"","adv-header-id-meta":"","stick-header-meta":"","header-above-stick-meta":"","header-main-stick-meta":"","header-below-stick-meta":"","astra-migrate-meta-layouts":"default","ast-page-background-enabled":"default","ast-page-background-meta":{"desktop":{"background-color":"var(--ast-global-color-4)","background-image":"","background-repeat":"repeat","background-position":"center center","background-size":"auto","background-attachment":"scroll","background-type":"","background-media":"","overlay-type":"","overlay-color":"","overlay-opacity":"","overlay-gradient":""},"tablet":{"background-color":"","background-image":"","background-repeat":"repeat","background-position":"center center","background-size":"auto","background-attachment":"scroll","background-type":"","background-media":"","overlay-type":"","overlay-color":"","overlay-opacity":"","overlay-gradient":""},"mobile":{"background-color":"","background-image":"","background-repeat":"repeat","background-position":"center center","background-size":"auto","background-attachment":"scroll","background-type":"","background-media":"","overlay-type":"","overlay-color":"","overlay-opacity":"","overlay-gradient":""}},"ast-content-background-meta":{"desktop":{"background-color":"var(--ast-global-color-5)","background-image":"","background-repeat":"repeat","background-position":"center center","background-size":"auto","background-attachment":"scroll","background-type":"","background-media":"","overlay-type":"","overlay-color":"","overlay-opacity":"","overlay-gradient":""},"tablet":{"background-color":"var(--ast-global-color-5)","background-image":"","background-repeat":"repeat","background-position":"center center","background-size":"auto","background-attachment":"scroll","background-type":"","background-media":"","overlay-type":"","overlay-color":"","overlay-opacity":"","overlay-gradient":""},"mobile":{"background-color":"var(--ast-global-color-5)","background-image":"","background-repeat":"repeat","background-position":"center center","background-size":"auto","background-attachment":"scroll","background-type":"","background-media":"","overlay-type":"","overlay-color":"","overlay-opacity":"","overlay-gradient":""}},"footnotes":""},"class_list":["post-1669","page","type-page","status-publish","hentry"],"yoast_head":"<!-- This site is optimized with the Yoast SEO plugin v27.6 - https:\/\/yoast.com\/product\/yoast-seo-wordpress\/ -->\n<title>Comunit\u00e0 energetica Rinnovabile CER per Amministratori e Condomini - Laserwall<\/title>\n<meta name=\"description\" content=\"Come funziona e come ci si iscreve a CER Italia, la comunit\u00e0 energetica rinnovabile per il condominio sostenuta da Laserwall\" \/>\n<meta name=\"robots\" content=\"index, follow, max-snippet:-1, max-image-preview:large, max-video-preview:-1\" \/>\n<link rel=\"canonical\" href=\"https:\/\/laserwall.it\/web\/prodotti\/cer-comunita-energetica-rinnovabile\/cer-amministratori\" \/>\n<meta property=\"og:locale\" content=\"it_IT\" \/>\n<meta property=\"og:type\" content=\"article\" \/>\n<meta property=\"og:title\" content=\"Comunit\u00e0 energetica Rinnovabile CER per Amministratori e Condomini - Laserwall\" \/>\n<meta property=\"og:description\" content=\"Come funziona e come ci si iscreve a CER Italia, la comunit\u00e0 energetica rinnovabile per il condominio sostenuta da Laserwall\" \/>\n<meta property=\"og:url\" content=\"https:\/\/laserwall.it\/web\/prodotti\/cer-comunita-energetica-rinnovabile\/cer-amministratori\" \/>\n<meta property=\"og:site_name\" content=\"Laserwall\" \/>\n<meta property=\"article:publisher\" content=\"https:\/\/www.facebook.com\/laserwallsrl\" \/>\n<meta property=\"article:modified_time\" content=\"2025-07-14T09:45:25+00:00\" \/>\n<meta property=\"og:image\" content=\"https:\/\/laserwall.it\/web\/wp-content\/uploads\/2024\/11\/cer-lunga-1024x219.webp\" \/>\n<meta name=\"twitter:card\" content=\"summary_large_image\" \/>\n<meta name=\"twitter:site\" content=\"@Laserwall112459\" \/>\n<meta name=\"twitter:label1\" content=\"Tempo di lettura stimato\" \/>\n\t<meta name=\"twitter:data1\" content=\"3 minuti\" \/>\n<script type=\"application\/ld+json\" class=\"yoast-schema-graph\">{\"@context\":\"https:\\\/\\\/schema.org\",\"@graph\":[{\"@type\":\"WebPage\",\"@id\":\"https:\\\/\\\/laserwall.it\\\/web\\\/prodotti\\\/cer-comunita-energetica-rinnovabile\\\/cer-amministratori\",\"url\":\"https:\\\/\\\/laserwall.it\\\/web\\\/prodotti\\\/cer-comunita-energetica-rinnovabile\\\/cer-amministratori\",\"name\":\"Comunit\u00e0 energetica Rinnovabile CER per Amministratori e Condomini - Laserwall\",\"isPartOf\":{\"@id\":\"https:\\\/\\\/laserwall.it\\\/web\\\/#website\"},\"primaryImageOfPage\":{\"@id\":\"https:\\\/\\\/laserwall.it\\\/web\\\/prodotti\\\/cer-comunita-energetica-rinnovabile\\\/cer-amministratori#primaryimage\"},\"image\":{\"@id\":\"https:\\\/\\\/laserwall.it\\\/web\\\/prodotti\\\/cer-comunita-energetica-rinnovabile\\\/cer-amministratori#primaryimage\"},\"thumbnailUrl\":\"https:\\\/\\\/laserwall.it\\\/web\\\/wp-content\\\/uploads\\\/2024\\\/11\\\/cer-lunga-1024x219.webp\",\"datePublished\":\"2024-12-11T14:07:24+00:00\",\"dateModified\":\"2025-07-14T09:45:25+00:00\",\"description\":\"Come funziona e come ci si iscreve a CER Italia, la comunit\u00e0 energetica rinnovabile per il condominio sostenuta da Laserwall\",\"breadcrumb\":{\"@id\":\"https:\\\/\\\/laserwall.it\\\/web\\\/prodotti\\\/cer-comunita-energetica-rinnovabile\\\/cer-amministratori#breadcrumb\"},\"inLanguage\":\"it-IT\",\"potentialAction\":[{\"@type\":\"ReadAction\",\"target\":[\"https:\\\/\\\/laserwall.it\\\/web\\\/prodotti\\\/cer-comunita-energetica-rinnovabile\\\/cer-amministratori\"]}]},{\"@type\":\"ImageObject\",\"inLanguage\":\"it-IT\",\"@id\":\"https:\\\/\\\/laserwall.it\\\/web\\\/prodotti\\\/cer-comunita-energetica-rinnovabile\\\/cer-amministratori#primaryimage\",\"url\":\"https:\\\/\\\/laserwall.it\\\/web\\\/wp-content\\\/uploads\\\/2024\\\/11\\\/cer-lunga.webp\",\"contentUrl\":\"https:\\\/\\\/laserwall.it\\\/web\\\/wp-content\\\/uploads\\\/2024\\\/11\\\/cer-lunga.webp\",\"width\":2312,\"height\":495},{\"@type\":\"BreadcrumbList\",\"@id\":\"https:\\\/\\\/laserwall.it\\\/web\\\/prodotti\\\/cer-comunita-energetica-rinnovabile\\\/cer-amministratori#breadcrumb\",\"itemListElement\":[{\"@type\":\"ListItem\",\"position\":1,\"name\":\"Home\",\"item\":\"https:\\\/\\\/laserwall.it\\\/web\\\/\"},{\"@type\":\"ListItem\",\"position\":2,\"name\":\"Prodotti\",\"item\":\"https:\\\/\\\/laserwall.it\\\/web\\\/prodotti\"},{\"@type\":\"ListItem\",\"position\":3,\"name\":\"CER\",\"item\":\"https:\\\/\\\/laserwall.it\\\/web\\\/prodotti\\\/cer-comunita-energetica-rinnovabile\"},{\"@type\":\"ListItem\",\"position\":4,\"name\":\"Comunit\u00e0 energetica Rinnovabile CER per Amministratori e Condomini\"}]},{\"@type\":\"WebSite\",\"@id\":\"https:\\\/\\\/laserwall.it\\\/web\\\/#website\",\"url\":\"https:\\\/\\\/laserwall.it\\\/web\\\/\",\"name\":\"Laserwall\",\"description\":\"\",\"publisher\":{\"@id\":\"https:\\\/\\\/laserwall.it\\\/web\\\/#organization\"},\"potentialAction\":[{\"@type\":\"SearchAction\",\"target\":{\"@type\":\"EntryPoint\",\"urlTemplate\":\"https:\\\/\\\/laserwall.it\\\/web\\\/?s={search_term_string}\"},\"query-input\":{\"@type\":\"PropertyValueSpecification\",\"valueRequired\":true,\"valueName\":\"search_term_string\"}}],\"inLanguage\":\"it-IT\"},{\"@type\":\"Organization\",\"@id\":\"https:\\\/\\\/laserwall.it\\\/web\\\/#organization\",\"name\":\"Laserwall\",\"url\":\"https:\\\/\\\/laserwall.it\\\/web\\\/\",\"logo\":{\"@type\":\"ImageObject\",\"inLanguage\":\"it-IT\",\"@id\":\"https:\\\/\\\/laserwall.it\\\/web\\\/#\\\/schema\\\/logo\\\/image\\\/\",\"url\":\"https:\\\/\\\/laserwall.it\\\/web\\\/wp-content\\\/uploads\\\/2024\\\/10\\\/cropped-logo2024-2.png\",\"contentUrl\":\"https:\\\/\\\/laserwall.it\\\/web\\\/wp-content\\\/uploads\\\/2024\\\/10\\\/cropped-logo2024-2.png\",\"width\":180,\"height\":60,\"caption\":\"Laserwall\"},\"image\":{\"@id\":\"https:\\\/\\\/laserwall.it\\\/web\\\/#\\\/schema\\\/logo\\\/image\\\/\"},\"sameAs\":[\"https:\\\/\\\/www.facebook.com\\\/laserwallsrl\",\"https:\\\/\\\/x.com\\\/Laserwall112459\",\"https:\\\/\\\/www.instagram.com\\\/laserwallsrl\\\/\",\"https:\\\/\\\/www.linkedin.com\\\/company\\\/laserwall-srl\",\"https:\\\/\\\/www.youtube.com\\\/@laserwallsrl\"]}]}<\/script>\n<!-- \/ Yoast SEO plugin. -->","yoast_head_json":{"title":"Comunit\u00e0 energetica Rinnovabile CER per Amministratori e Condomini - Laserwall","description":"Come funziona e come ci si iscreve a CER Italia, la comunit\u00e0 energetica rinnovabile per il condominio sostenuta da Laserwall","robots":{"index":"index","follow":"follow","max-snippet":"max-snippet:-1","max-image-preview":"max-image-preview:large","max-video-preview":"max-video-preview:-1"},"canonical":"https:\/\/laserwall.it\/web\/prodotti\/cer-comunita-energetica-rinnovabile\/cer-amministratori","og_locale":"it_IT","og_type":"article","og_title":"Comunit\u00e0 energetica Rinnovabile CER per Amministratori e Condomini - Laserwall","og_description":"Come funziona e come ci si iscreve a CER Italia, la comunit\u00e0 energetica rinnovabile per il condominio sostenuta da Laserwall","og_url":"https:\/\/laserwall.it\/web\/prodotti\/cer-comunita-energetica-rinnovabile\/cer-amministratori","og_site_name":"Laserwall","article_publisher":"https:\/\/www.facebook.com\/laserwallsrl","article_modified_time":"2025-07-14T09:45:25+00:00","og_image":[{"url":"https:\/\/laserwall.it\/web\/wp-content\/uploads\/2024\/11\/cer-lunga-1024x219.webp","type":"","width":"","height":""}],"twitter_card":"summary_large_image","twitter_site":"@Laserwall112459","twitter_misc":{"Tempo di lettura stimato":"3 minuti"},"schema":{"@context":"https:\/\/schema.org","@graph":[{"@type":"WebPage","@id":"https:\/\/laserwall.it\/web\/prodotti\/cer-comunita-energetica-rinnovabile\/cer-amministratori","url":"https:\/\/laserwall.it\/web\/prodotti\/cer-comunita-energetica-rinnovabile\/cer-amministratori","name":"Comunit\u00e0 energetica Rinnovabile CER per Amministratori e Condomini - Laserwall","isPartOf":{"@id":"https:\/\/laserwall.it\/web\/#website"},"primaryImageOfPage":{"@id":"https:\/\/laserwall.it\/web\/prodotti\/cer-comunita-energetica-rinnovabile\/cer-amministratori#primaryimage"},"image":{"@id":"https:\/\/laserwall.it\/web\/prodotti\/cer-comunita-energetica-rinnovabile\/cer-amministratori#primaryimage"},"thumbnailUrl":"https:\/\/laserwall.it\/web\/wp-content\/uploads\/2024\/11\/cer-lunga-1024x219.webp","datePublished":"2024-12-11T14:07:24+00:00","dateModified":"2025-07-14T09:45:25+00:00","description":"Come funziona e come ci si iscreve a CER Italia, la comunit\u00e0 energetica rinnovabile per il condominio sostenuta da Laserwall","breadcrumb":{"@id":"https:\/\/laserwall.it\/web\/prodotti\/cer-comunita-energetica-rinnovabile\/cer-amministratori#breadcrumb"},"inLanguage":"it-IT","potentialAction":[{"@type":"ReadAction","target":["https:\/\/laserwall.it\/web\/prodotti\/cer-comunita-energetica-rinnovabile\/cer-amministratori"]}]},{"@type":"ImageObject","inLanguage":"it-IT","@id":"https:\/\/laserwall.it\/web\/prodotti\/cer-comunita-energetica-rinnovabile\/cer-amministratori#primaryimage","url":"https:\/\/laserwall.it\/web\/wp-content\/uploads\/2024\/11\/cer-lunga.webp","contentUrl":"https:\/\/laserwall.it\/web\/wp-content\/uploads\/2024\/11\/cer-lunga.webp","width":2312,"height":495},{"@type":"BreadcrumbList","@id":"https:\/\/laserwall.it\/web\/prodotti\/cer-comunita-energetica-rinnovabile\/cer-amministratori#breadcrumb","itemListElement":[{"@type":"ListItem","position":1,"name":"Home","item":"https:\/\/laserwall.it\/web\/"},{"@type":"ListItem","position":2,"name":"Prodotti","item":"https:\/\/laserwall.it\/web\/prodotti"},{"@type":"ListItem","position":3,"name":"CER","item":"https:\/\/laserwall.it\/web\/prodotti\/cer-comunita-energetica-rinnovabile"},{"@type":"ListItem","position":4,"name":"Comunit\u00e0 energetica Rinnovabile CER per Amministratori e Condomini"}]},{"@type":"WebSite","@id":"https:\/\/laserwall.it\/web\/#website","url":"https:\/\/laserwall.it\/web\/","name":"Laserwall","description":"","publisher":{"@id":"https:\/\/laserwall.it\/web\/#organization"},"potentialAction":[{"@type":"SearchAction","target":{"@type":"EntryPoint","urlTemplate":"https:\/\/laserwall.it\/web\/?s={search_term_string}"},"query-input":{"@type":"PropertyValueSpecification","valueRequired":true,"valueName":"search_term_string"}}],"inLanguage":"it-IT"},{"@type":"Organization","@id":"https:\/\/laserwall.it\/web\/#organization","name":"Laserwall","url":"https:\/\/laserwall.it\/web\/","logo":{"@type":"ImageObject","inLanguage":"it-IT","@id":"https:\/\/laserwall.it\/web\/#\/schema\/logo\/image\/","url":"https:\/\/laserwall.it\/web\/wp-content\/uploads\/2024\/10\/cropped-logo2024-2.png","contentUrl":"https:\/\/laserwall.it\/web\/wp-content\/uploads\/2024\/10\/cropped-logo2024-2.png","width":180,"height":60,"caption":"Laserwall"},"image":{"@id":"https:\/\/laserwall.it\/web\/#\/schema\/logo\/image\/"},"sameAs":["https:\/\/www.facebook.com\/laserwallsrl","https:\/\/x.com\/Laserwall112459","https:\/\/www.instagram.com\/laserwallsrl\/","https:\/\/www.linkedin.com\/company\/laserwall-srl","https:\/\/www.youtube.com\/@laserwallsrl"]}]}},"_links":{"self":[{"href":"https:\/\/laserwall.it\/web\/wp-json\/wp\/v2\/pages\/1669","targetHints":{"allow":["GET"]}}],"collection":[{"href":"https:\/\/laserwall.it\/web\/wp-json\/wp\/v2\/pages"}],"about":[{"href":"https:\/\/laserwall.it\/web\/wp-json\/wp\/v2\/types\/page"}],"author":[{"embeddable":true,"href":"https:\/\/laserwall.it\/web\/wp-json\/wp\/v2\/users\/1"}],"replies":[{"embeddable":true,"href":"https:\/\/laserwall.it\/web\/wp-json\/wp\/v2\/comments?post=1669"}],"version-history":[{"count":15,"href":"https:\/\/laserwall.it\/web\/wp-json\/wp\/v2\/pages\/1669\/revisions"}],"predecessor-version":[{"id":2525,"href":"https:\/\/laserwall.it\/web\/wp-json\/wp\/v2\/pages\/1669\/revisions\/2525"}],"up":[{"embeddable":true,"href":"https:\/\/laserwall.it\/web\/wp-json\/wp\/v2\/pages\/287"}],"wp:attachment":[{"href":"https:\/\/laserwall.it\/web\/wp-json\/wp\/v2\/media?parent=1669"}],"curies":[{"name":"wp","href":"https:\/\/api.w.org\/{rel}","templated":true}]}}