{"id":287,"date":"2024-10-08T07:18:24","date_gmt":"2024-10-08T07:18:24","guid":{"rendered":"https:\/\/www.bachecaaziendale.it\/test\/?page_id=287"},"modified":"2025-06-17T14:59:25","modified_gmt":"2025-06-17T12:59:25","slug":"cer-comunita-energetica-rinnovabile","status":"publish","type":"page","link":"https:\/\/laserwall.it\/web\/prodotti\/cer-comunita-energetica-rinnovabile","title":{"rendered":"CER"},"content":{"rendered":"\n<div class=\"wp-block-cover alignfull\"><img loading=\"lazy\" decoding=\"async\" width=\"1024\" height=\"219\" class=\"wp-block-cover__image-background wp-image-1403\" alt=\"\" src=\"https:\/\/laserwall.it\/web\/wp-content\/uploads\/2024\/11\/cer-lunga-1024x219.webp\" data-object-fit=\"cover\" srcset=\"https:\/\/laserwall.it\/web\/wp-content\/uploads\/2024\/11\/cer-lunga-1024x219.webp 1024w, https:\/\/laserwall.it\/web\/wp-content\/uploads\/2024\/11\/cer-lunga-300x64.webp 300w, https:\/\/laserwall.it\/web\/wp-content\/uploads\/2024\/11\/cer-lunga-768x164.webp 768w, https:\/\/laserwall.it\/web\/wp-content\/uploads\/2024\/11\/cer-lunga-1536x329.webp 1536w, https:\/\/laserwall.it\/web\/wp-content\/uploads\/2024\/11\/cer-lunga-2048x438.webp 2048w\" sizes=\"auto, (max-width: 1024px) 100vw, 1024px\" \/><span aria-hidden=\"true\" class=\"wp-block-cover__background has-background-dim\"><\/span><div class=\"wp-block-cover__inner-container is-layout-flow wp-block-cover-is-layout-flow\">\n<p class=\"has-text-align-center has-large-font-size\"><\/p>\n<\/div><\/div>\n\n\n<div class=\"yoast-breadcrumbs\"><span><span><a href=\"https:\/\/laserwall.it\/web\/\">Home<\/a><\/span> &gt; <span><a href=\"https:\/\/laserwall.it\/web\/prodotti\">Prodotti<\/a><\/span> &gt; <span class=\"breadcrumb_last\" aria-current=\"page\">CER<\/span><\/span><\/div>\n\n\n<h1 class=\"wp-block-heading\"><mark style=\"background-color:rgba(0, 0, 0, 0)\" class=\"has-inline-color has-ast-global-color-0-color\">CER Comunit\u00e0 Energetica Rinnovabile<\/mark><\/h1>\n\n\n\n<p class=\"has-medium-font-size\" style=\"margin-top:var(--wp--preset--spacing--50);margin-bottom:var(--wp--preset--spacing--50)\">La <a href=\"#cer\"><strong>CER<\/strong>, <strong>Comunit\u00e0 Energetica Rinnovabile<\/strong><\/a>, si basa sull\u2019idea di generare e consumare energia a livello locale, con l\u2019uso di energie rinnovabili.<br>E&#8217; costituita come <strong>associazione<\/strong> ed \u00e8 possibile iscriversi sia come condom\u00ecnio, che come cond\u00f2mino.<\/p>\n\n\n\n<div class=\"wp-block-columns is-layout-flex wp-container-core-columns-is-layout-94cac289 wp-block-columns-is-layout-flex\" style=\"margin-top:var(--wp--preset--spacing--30);margin-bottom:var(--wp--preset--spacing--30);padding-top:var(--wp--preset--spacing--20);padding-bottom:var(--wp--preset--spacing--20)\">\n<div class=\"wp-block-column is-layout-flow wp-block-column-is-layout-flow\">\n<p class=\"has-text-align-center\"><strong>Amministratore<\/strong><\/p>\n\n\n\n<div class=\"wp-block-buttons is-content-justification-center is-layout-flex wp-container-core-buttons-is-layout-a89b3969 wp-block-buttons-is-layout-flex\">\n<div class=\"wp-block-button has-custom-width wp-block-button__width-75\"><a class=\"wp-block-button__link wp-element-button\" href=\"https:\/\/laserwall.it\/web\/prodotti\/cer-comunita-energetica-rinnovabile\/cer-amministratori\" style=\"border-radius:12px\">Scopri la CER per il condominio<strong> <\/strong>&gt;<\/a><\/div>\n<\/div>\n<\/div>\n\n\n\n<div class=\"wp-block-column is-layout-flow wp-block-column-is-layout-flow\">\n<p class=\"has-text-align-center\"><strong>Privato<\/strong><\/p>\n\n\n\n<div class=\"wp-block-buttons is-content-justification-center is-layout-flex wp-container-core-buttons-is-layout-a89b3969 wp-block-buttons-is-layout-flex\">\n<div class=\"wp-block-button has-custom-width wp-block-button__width-75\"><a class=\"wp-block-button__link wp-element-button\" href=\"https:\/\/laserwall.it\/web\/prodotti\/cer-comunita-energetica-rinnovabile\/cer-consumatori\" style=\"border-radius:12px\">Scopri la CER per i cond\u00f2mini <strong> <\/strong>&gt;<\/a><\/div>\n<\/div>\n<\/div>\n<\/div>\n\n\n\n<div class=\"wp-block-media-text is-stacked-on-mobile\" style=\"margin-top:var(--wp--preset--spacing--60);margin-bottom:var(--wp--preset--spacing--60);grid-template-columns:30% auto\"><figure class=\"wp-block-media-text__media\"><img loading=\"lazy\" decoding=\"async\" width=\"419\" height=\"417\" src=\"https:\/\/web.laserwall.it\/wp-content\/uploads\/2024\/10\/cer-mondo.png\" alt=\"CER Laserwall\" class=\"wp-image-145 size-full\" srcset=\"https:\/\/laserwall.it\/web\/wp-content\/uploads\/2024\/10\/cer-mondo.png 419w, https:\/\/laserwall.it\/web\/wp-content\/uploads\/2024\/10\/cer-mondo-300x300.png 300w, https:\/\/laserwall.it\/web\/wp-content\/uploads\/2024\/10\/cer-mondo-150x150.png 150w\" sizes=\"auto, (max-width: 419px) 100vw, 419px\" \/><\/figure><div class=\"wp-block-media-text__content\">\n<h4 class=\"wp-block-heading\">I <strong>Benefici<\/strong> della CER<\/h4>\n\n\n\n<p><strong>Economici<\/strong><br>Sia che si produca energia, sia che la si consumi, se avviene in modo simultaneo, sono previsti incentivi sia per la produzione che il consumo e per sgravare i costi degli impianti.<\/p>\n\n\n\n<p><strong>Ambientali<\/strong><br>Con gli impianti energetici rinnovabili (impianti fotovoltaici in primis) diminuiscono le emissioni inquinanti di CO2 e  la dipendenza da fonti energetiche fossili.<\/p>\n\n\n\n<p><strong>Sociali<\/strong><br>Creare una CER aiuta il territorio stesso e la coesione sociale. Infatti una parte degli incentivi viene ricevuta da attivit\u00e0 sociali del territorio.<\/p>\n<\/div><\/div>\n\n\n\n<blockquote class=\"wp-block-quote is-layout-flow wp-block-quote-is-layout-flow\">\n<h2 class=\"wp-block-heading\"><strong><mark style=\"background-color:rgba(0, 0, 0, 0)\" class=\"has-inline-color has-ast-global-color-1-color\">Laserwall si configura come promotore locale del Network CER Italia, unendo soggetti come condomini o cittadini con l\u2019obiettivo di creare CER Digitali.<\/mark><\/strong><\/h2>\n<\/blockquote>\n\n\n\n<a name=\"cer\"><\/a>\n\n\n\n<h2 class=\"wp-block-heading\">Che cos&#8217;\u00e8 una CER?<\/h2>\n\n\n\n<div class=\"wp-block-media-text is-stacked-on-mobile\" style=\"grid-template-columns:17% auto\"><figure class=\"wp-block-media-text__media\"><img loading=\"lazy\" decoding=\"async\" width=\"1024\" height=\"940\" src=\"https:\/\/laserwall.it\/web\/wp-content\/uploads\/2024\/12\/CER-ICONA-1024x940.png\" alt=\"CER - Comunit\u00e0 energetica rinnovabile\" class=\"wp-image-1676 size-full\" srcset=\"https:\/\/laserwall.it\/web\/wp-content\/uploads\/2024\/12\/CER-ICONA-1024x940.png 1024w, https:\/\/laserwall.it\/web\/wp-content\/uploads\/2024\/12\/CER-ICONA-300x275.png 300w, https:\/\/laserwall.it\/web\/wp-content\/uploads\/2024\/12\/CER-ICONA-768x705.png 768w, https:\/\/laserwall.it\/web\/wp-content\/uploads\/2024\/12\/CER-ICONA-1536x1410.png 1536w, https:\/\/laserwall.it\/web\/wp-content\/uploads\/2024\/12\/CER-ICONA.png 1895w\" sizes=\"auto, (max-width: 1024px) 100vw, 1024px\" \/><\/figure><div class=\"wp-block-media-text__content\">\n<p>\u00c8 un\u2019<strong>associazione<\/strong> tra <a href=\"https:\/\/laserwall.it\/web\/prodotti\/cer-comunita-energetica-rinnovabile\/cer-consumatori\">cittadini<\/a>, <a href=\"https:\/\/laserwall.it\/web\/prodotti\/cer-comunita-energetica-rinnovabile\/cer-amministratori\">condomini<\/a>, attivit\u00e0 commerciali, enti locali e piccole e medie imprese che decidono liberamente di unire le proprie forze per dotarsi di uno o pi\u00f9 impianti (o utilizzare quelli esistenti) per la produzione e l\u2019autoconsumo di energia da fonti rinnovabili.<\/p>\n<\/div><\/div>\n\n\n\n<h2 class=\"wp-block-heading\">Perch\u00e9 si risparmia e perch\u00e9 lo Stato offre gli incentivi?<\/h2>\n\n\n\n<p>Consumando l\u2019energia \u201csul posto\u201d, si ottiene un risparmio perch\u00e9 ogni volta che l\u2019energia prodotta viene immessa nella rete e trasportata, <strong>una piccola parte di quella energia viene dispersa<\/strong>. <strong>Se invece l\u2019energia viene consumata prima di essere distribuita in rete<\/strong>, non c\u2019\u00e8 perdita e il GSE (Gestore Servizi Energetici) <strong>eroga incentivi a chi produce e consuma<\/strong> questa energia (<strong>energia condivisa<\/strong>). \u00c8 il motivo per cui la CER \u00e8 sempre collegata a una cabina primaria, che \u00e8 l\u2019infrastruttura che gestisce l\u2019immissione dell\u2019energia prodotta localmente nella rete nazionale.<\/p>\n\n\n\n<div class=\"wp-block-media-text has-media-on-the-right is-stacked-on-mobile\" style=\"padding-top:var(--wp--preset--spacing--40);padding-bottom:var(--wp--preset--spacing--40);grid-template-columns:auto 20%\"><div class=\"wp-block-media-text__content\">\n<h3 class=\"wp-block-heading\">Hai dubbi sulla CER? Leggi le FAQ del Gestore Italiano dei Servizi Energetici<\/h3>\n\n\n\n<p><a href=\"https:\/\/www.gse.it\/servizi-per-te\/autoconsumo\/le-comunita-energetiche-rinnovabili-in-pillole\"><strong>Scopri le FAQ del GSE &gt;<\/strong><\/a><\/p>\n<\/div><figure class=\"wp-block-media-text__media\"><a href=\"https:\/\/laserwall.it\/web\/contattaci\" target=\"_blank\" rel=\" noreferrer noopener\"><img loading=\"lazy\" decoding=\"async\" width=\"188\" height=\"121\" src=\"https:\/\/laserwall.it\/web\/wp-content\/uploads\/2024\/12\/gse.png\" alt=\"GSE -Gestore Servizi Energetici Italia\" class=\"wp-image-1680 size-full\"\/><\/a><\/figure><\/div>\n\n\n\n<h3 class=\"wp-block-heading has-text-align-center\">Come aderire alla CER Laserwall<\/h3>\n\n\n\n<div class=\"wp-block-columns is-layout-flex wp-container-core-columns-is-layout-94cac289 wp-block-columns-is-layout-flex\" style=\"margin-top:var(--wp--preset--spacing--30);margin-bottom:var(--wp--preset--spacing--30);padding-top:var(--wp--preset--spacing--20);padding-bottom:var(--wp--preset--spacing--20)\">\n<div class=\"wp-block-column is-layout-flow wp-block-column-is-layout-flow\">\n<p class=\"has-text-align-center\"><strong>Amministratore<\/strong><\/p>\n\n\n\n<div class=\"wp-block-buttons is-content-justification-center is-layout-flex wp-container-core-buttons-is-layout-a89b3969 wp-block-buttons-is-layout-flex\">\n<div class=\"wp-block-button has-custom-width wp-block-button__width-75\"><a class=\"wp-block-button__link wp-element-button\" href=\"https:\/\/laserwall.it\/web\/prodotti\/cer-comunita-energetica-rinnovabile\/cer-amministratori\" style=\"border-radius:12px\">Scopri la CER per il condominio<strong> <\/strong>&gt;<\/a><\/div>\n<\/div>\n<\/div>\n\n\n\n<div class=\"wp-block-column is-layout-flow wp-block-column-is-layout-flow\">\n<p class=\"has-text-align-center\"><strong>Privato<\/strong><\/p>\n\n\n\n<div class=\"wp-block-buttons is-content-justification-center is-layout-flex wp-container-core-buttons-is-layout-a89b3969 wp-block-buttons-is-layout-flex\">\n<div class=\"wp-block-button has-custom-width wp-block-button__width-75\"><a class=\"wp-block-button__link wp-element-button\" href=\"https:\/\/laserwall.it\/web\/prodotti\/cer-comunita-energetica-rinnovabile\/cer-consumatori\" style=\"border-radius:12px\">Scopri la CER per i cond\u00f2mini <strong> <\/strong>&gt;<\/a><\/div>\n<\/div>\n<\/div>\n<\/div>\n\n\n\n<div style=\"height:100px\" aria-hidden=\"true\" class=\"wp-block-spacer\"><\/div>\n","protected":false},"excerpt":{"rendered":"<p>CER Comunit\u00e0 Energetica Rinnovabile La CER, Comunit\u00e0 Energetica Rinnovabile, si basa sull\u2019idea di generare e consumare energia a livello locale, con l\u2019uso di energie rinnovabili.E&#8217; costituita come associazione ed \u00e8 possibile iscriversi sia come condom\u00ecnio, che come cond\u00f2mino. Amministratore Privato I Benefici della CER EconomiciSia che si produca energia, sia che la si consumi, se [&hellip;]<\/p>\n","protected":false},"author":1,"featured_media":0,"parent":29,"menu_order":0,"comment_status":"closed","ping_status":"closed","template":"","meta":{"inline_featured_image":false,"site-sidebar-layout":"default","site-content-layout":"","ast-site-content-layout":"default","site-content-style":"default","site-sidebar-style":"default","ast-global-header-display":"","ast-banner-title-visibility":"","ast-main-header-display":"","ast-hfb-above-header-display":"","ast-hfb-below-header-display":"","ast-hfb-mobile-header-display":"","site-post-title":"disabled","ast-breadcrumbs-content":"","ast-featured-img":"","footer-sml-layout":"","ast-disable-related-posts":"","theme-transparent-header-meta":"","adv-header-id-meta":"","stick-header-meta":"","header-above-stick-meta":"","header-main-stick-meta":"","header-below-stick-meta":"","astra-migrate-meta-layouts":"default","ast-page-background-enabled":"default","ast-page-background-meta":{"desktop":{"background-color":"var(--ast-global-color-4)","background-image":"","background-repeat":"repeat","background-position":"center center","background-size":"auto","background-attachment":"scroll","background-type":"","background-media":"","overlay-type":"","overlay-color":"","overlay-opacity":"","overlay-gradient":""},"tablet":{"background-color":"","background-image":"","background-repeat":"repeat","background-position":"center center","background-size":"auto","background-attachment":"scroll","background-type":"","background-media":"","overlay-type":"","overlay-color":"","overlay-opacity":"","overlay-gradient":""},"mobile":{"background-color":"","background-image":"","background-repeat":"repeat","background-position":"center center","background-size":"auto","background-attachment":"scroll","background-type":"","background-media":"","overlay-type":"","overlay-color":"","overlay-opacity":"","overlay-gradient":""}},"ast-content-background-meta":{"desktop":{"background-color":"var(--ast-global-color-5)","background-image":"","background-repeat":"repeat","background-position":"center center","background-size":"auto","background-attachment":"scroll","background-type":"","background-media":"","overlay-type":"","overlay-color":"","overlay-opacity":"","overlay-gradient":""},"tablet":{"background-color":"var(--ast-global-color-5)","background-image":"","background-repeat":"repeat","background-position":"center center","background-size":"auto","background-attachment":"scroll","background-type":"","background-media":"","overlay-type":"","overlay-color":"","overlay-opacity":"","overlay-gradient":""},"mobile":{"background-color":"var(--ast-global-color-5)","background-image":"","background-repeat":"repeat","background-position":"center center","background-size":"auto","background-attachment":"scroll","background-type":"","background-media":"","overlay-type":"","overlay-color":"","overlay-opacity":"","overlay-gradient":""}},"footnotes":""},"class_list":["post-287","page","type-page","status-publish","hentry"],"yoast_head":"<!-- This site is optimized with the Yoast SEO plugin v27.4 - https:\/\/yoast.com\/product\/yoast-seo-wordpress\/ -->\n<title>CER Comunit\u00e0 Energetica Rinnovabile per condomini e cittadini<\/title>\n<meta name=\"description\" content=\"Con la CER Laserwall \u00e8 possibile risparmiare sia come condominio che come privato cittadino. Scopri la nostra Comunit\u00e0 Energetica Rinnovabile\" \/>\n<meta name=\"robots\" content=\"index, follow, max-snippet:-1, max-image-preview:large, max-video-preview:-1\" \/>\n<link rel=\"canonical\" href=\"https:\/\/laserwall.it\/web\/prodotti\/cer-comunita-energetica-rinnovabile\" \/>\n<meta property=\"og:locale\" content=\"it_IT\" \/>\n<meta property=\"og:type\" content=\"article\" \/>\n<meta property=\"og:title\" content=\"CER Comunit\u00e0 Energetica Rinnovabile per condomini e cittadini\" \/>\n<meta property=\"og:description\" content=\"Con la CER Laserwall \u00e8 possibile risparmiare sia come condominio che come privato cittadino. Scopri la nostra Comunit\u00e0 Energetica Rinnovabile\" \/>\n<meta property=\"og:url\" content=\"https:\/\/laserwall.it\/web\/prodotti\/cer-comunita-energetica-rinnovabile\" \/>\n<meta property=\"og:site_name\" content=\"Laserwall\" \/>\n<meta property=\"article:publisher\" content=\"https:\/\/www.facebook.com\/laserwallsrl\" \/>\n<meta property=\"article:modified_time\" content=\"2025-06-17T12:59:25+00:00\" \/>\n<meta property=\"og:image\" content=\"https:\/\/laserwall.it\/web\/wp-content\/uploads\/2024\/11\/cer-lunga-1024x219.webp\" \/>\n<meta name=\"twitter:card\" content=\"summary_large_image\" \/>\n<meta name=\"twitter:site\" content=\"@Laserwall112459\" \/>\n<meta name=\"twitter:label1\" content=\"Tempo di lettura stimato\" \/>\n\t<meta name=\"twitter:data1\" content=\"3 minuti\" \/>\n<script type=\"application\/ld+json\" class=\"yoast-schema-graph\">{\"@context\":\"https:\\\/\\\/schema.org\",\"@graph\":[{\"@type\":\"WebPage\",\"@id\":\"https:\\\/\\\/laserwall.it\\\/web\\\/prodotti\\\/cer-comunita-energetica-rinnovabile\",\"url\":\"https:\\\/\\\/laserwall.it\\\/web\\\/prodotti\\\/cer-comunita-energetica-rinnovabile\",\"name\":\"CER Comunit\u00e0 Energetica Rinnovabile per condomini e cittadini\",\"isPartOf\":{\"@id\":\"https:\\\/\\\/laserwall.it\\\/web\\\/#website\"},\"primaryImageOfPage\":{\"@id\":\"https:\\\/\\\/laserwall.it\\\/web\\\/prodotti\\\/cer-comunita-energetica-rinnovabile#primaryimage\"},\"image\":{\"@id\":\"https:\\\/\\\/laserwall.it\\\/web\\\/prodotti\\\/cer-comunita-energetica-rinnovabile#primaryimage\"},\"thumbnailUrl\":\"https:\\\/\\\/laserwall.it\\\/web\\\/wp-content\\\/uploads\\\/2024\\\/11\\\/cer-lunga-1024x219.webp\",\"datePublished\":\"2024-10-08T07:18:24+00:00\",\"dateModified\":\"2025-06-17T12:59:25+00:00\",\"description\":\"Con la CER Laserwall \u00e8 possibile risparmiare sia come condominio che come privato cittadino. Scopri la nostra Comunit\u00e0 Energetica Rinnovabile\",\"breadcrumb\":{\"@id\":\"https:\\\/\\\/laserwall.it\\\/web\\\/prodotti\\\/cer-comunita-energetica-rinnovabile#breadcrumb\"},\"inLanguage\":\"it-IT\",\"potentialAction\":[{\"@type\":\"ReadAction\",\"target\":[\"https:\\\/\\\/laserwall.it\\\/web\\\/prodotti\\\/cer-comunita-energetica-rinnovabile\"]}]},{\"@type\":\"ImageObject\",\"inLanguage\":\"it-IT\",\"@id\":\"https:\\\/\\\/laserwall.it\\\/web\\\/prodotti\\\/cer-comunita-energetica-rinnovabile#primaryimage\",\"url\":\"https:\\\/\\\/laserwall.it\\\/web\\\/wp-content\\\/uploads\\\/2024\\\/11\\\/cer-lunga.webp\",\"contentUrl\":\"https:\\\/\\\/laserwall.it\\\/web\\\/wp-content\\\/uploads\\\/2024\\\/11\\\/cer-lunga.webp\",\"width\":2312,\"height\":495},{\"@type\":\"BreadcrumbList\",\"@id\":\"https:\\\/\\\/laserwall.it\\\/web\\\/prodotti\\\/cer-comunita-energetica-rinnovabile#breadcrumb\",\"itemListElement\":[{\"@type\":\"ListItem\",\"position\":1,\"name\":\"Home\",\"item\":\"https:\\\/\\\/laserwall.it\\\/web\\\/\"},{\"@type\":\"ListItem\",\"position\":2,\"name\":\"Prodotti\",\"item\":\"https:\\\/\\\/laserwall.it\\\/web\\\/prodotti\"},{\"@type\":\"ListItem\",\"position\":3,\"name\":\"CER\"}]},{\"@type\":\"WebSite\",\"@id\":\"https:\\\/\\\/laserwall.it\\\/web\\\/#website\",\"url\":\"https:\\\/\\\/laserwall.it\\\/web\\\/\",\"name\":\"Laserwall\",\"description\":\"\",\"publisher\":{\"@id\":\"https:\\\/\\\/laserwall.it\\\/web\\\/#organization\"},\"potentialAction\":[{\"@type\":\"SearchAction\",\"target\":{\"@type\":\"EntryPoint\",\"urlTemplate\":\"https:\\\/\\\/laserwall.it\\\/web\\\/?s={search_term_string}\"},\"query-input\":{\"@type\":\"PropertyValueSpecification\",\"valueRequired\":true,\"valueName\":\"search_term_string\"}}],\"inLanguage\":\"it-IT\"},{\"@type\":\"Organization\",\"@id\":\"https:\\\/\\\/laserwall.it\\\/web\\\/#organization\",\"name\":\"Laserwall\",\"url\":\"https:\\\/\\\/laserwall.it\\\/web\\\/\",\"logo\":{\"@type\":\"ImageObject\",\"inLanguage\":\"it-IT\",\"@id\":\"https:\\\/\\\/laserwall.it\\\/web\\\/#\\\/schema\\\/logo\\\/image\\\/\",\"url\":\"https:\\\/\\\/laserwall.it\\\/web\\\/wp-content\\\/uploads\\\/2024\\\/10\\\/cropped-logo2024-2.png\",\"contentUrl\":\"https:\\\/\\\/laserwall.it\\\/web\\\/wp-content\\\/uploads\\\/2024\\\/10\\\/cropped-logo2024-2.png\",\"width\":180,\"height\":60,\"caption\":\"Laserwall\"},\"image\":{\"@id\":\"https:\\\/\\\/laserwall.it\\\/web\\\/#\\\/schema\\\/logo\\\/image\\\/\"},\"sameAs\":[\"https:\\\/\\\/www.facebook.com\\\/laserwallsrl\",\"https:\\\/\\\/x.com\\\/Laserwall112459\",\"https:\\\/\\\/www.instagram.com\\\/laserwallsrl\\\/\",\"https:\\\/\\\/www.linkedin.com\\\/company\\\/laserwall-srl\",\"https:\\\/\\\/www.youtube.com\\\/@laserwallsrl\"]}]}<\/script>\n<!-- \/ Yoast SEO plugin. -->","yoast_head_json":{"title":"CER Comunit\u00e0 Energetica Rinnovabile per condomini e cittadini","description":"Con la CER Laserwall \u00e8 possibile risparmiare sia come condominio che come privato cittadino. Scopri la nostra Comunit\u00e0 Energetica Rinnovabile","robots":{"index":"index","follow":"follow","max-snippet":"max-snippet:-1","max-image-preview":"max-image-preview:large","max-video-preview":"max-video-preview:-1"},"canonical":"https:\/\/laserwall.it\/web\/prodotti\/cer-comunita-energetica-rinnovabile","og_locale":"it_IT","og_type":"article","og_title":"CER Comunit\u00e0 Energetica Rinnovabile per condomini e cittadini","og_description":"Con la CER Laserwall \u00e8 possibile risparmiare sia come condominio che come privato cittadino. Scopri la nostra Comunit\u00e0 Energetica Rinnovabile","og_url":"https:\/\/laserwall.it\/web\/prodotti\/cer-comunita-energetica-rinnovabile","og_site_name":"Laserwall","article_publisher":"https:\/\/www.facebook.com\/laserwallsrl","article_modified_time":"2025-06-17T12:59:25+00:00","og_image":[{"url":"https:\/\/laserwall.it\/web\/wp-content\/uploads\/2024\/11\/cer-lunga-1024x219.webp","type":"","width":"","height":""}],"twitter_card":"summary_large_image","twitter_site":"@Laserwall112459","twitter_misc":{"Tempo di lettura stimato":"3 minuti"},"schema":{"@context":"https:\/\/schema.org","@graph":[{"@type":"WebPage","@id":"https:\/\/laserwall.it\/web\/prodotti\/cer-comunita-energetica-rinnovabile","url":"https:\/\/laserwall.it\/web\/prodotti\/cer-comunita-energetica-rinnovabile","name":"CER Comunit\u00e0 Energetica Rinnovabile per condomini e cittadini","isPartOf":{"@id":"https:\/\/laserwall.it\/web\/#website"},"primaryImageOfPage":{"@id":"https:\/\/laserwall.it\/web\/prodotti\/cer-comunita-energetica-rinnovabile#primaryimage"},"image":{"@id":"https:\/\/laserwall.it\/web\/prodotti\/cer-comunita-energetica-rinnovabile#primaryimage"},"thumbnailUrl":"https:\/\/laserwall.it\/web\/wp-content\/uploads\/2024\/11\/cer-lunga-1024x219.webp","datePublished":"2024-10-08T07:18:24+00:00","dateModified":"2025-06-17T12:59:25+00:00","description":"Con la CER Laserwall \u00e8 possibile risparmiare sia come condominio che come privato cittadino. Scopri la nostra Comunit\u00e0 Energetica Rinnovabile","breadcrumb":{"@id":"https:\/\/laserwall.it\/web\/prodotti\/cer-comunita-energetica-rinnovabile#breadcrumb"},"inLanguage":"it-IT","potentialAction":[{"@type":"ReadAction","target":["https:\/\/laserwall.it\/web\/prodotti\/cer-comunita-energetica-rinnovabile"]}]},{"@type":"ImageObject","inLanguage":"it-IT","@id":"https:\/\/laserwall.it\/web\/prodotti\/cer-comunita-energetica-rinnovabile#primaryimage","url":"https:\/\/laserwall.it\/web\/wp-content\/uploads\/2024\/11\/cer-lunga.webp","contentUrl":"https:\/\/laserwall.it\/web\/wp-content\/uploads\/2024\/11\/cer-lunga.webp","width":2312,"height":495},{"@type":"BreadcrumbList","@id":"https:\/\/laserwall.it\/web\/prodotti\/cer-comunita-energetica-rinnovabile#breadcrumb","itemListElement":[{"@type":"ListItem","position":1,"name":"Home","item":"https:\/\/laserwall.it\/web\/"},{"@type":"ListItem","position":2,"name":"Prodotti","item":"https:\/\/laserwall.it\/web\/prodotti"},{"@type":"ListItem","position":3,"name":"CER"}]},{"@type":"WebSite","@id":"https:\/\/laserwall.it\/web\/#website","url":"https:\/\/laserwall.it\/web\/","name":"Laserwall","description":"","publisher":{"@id":"https:\/\/laserwall.it\/web\/#organization"},"potentialAction":[{"@type":"SearchAction","target":{"@type":"EntryPoint","urlTemplate":"https:\/\/laserwall.it\/web\/?s={search_term_string}"},"query-input":{"@type":"PropertyValueSpecification","valueRequired":true,"valueName":"search_term_string"}}],"inLanguage":"it-IT"},{"@type":"Organization","@id":"https:\/\/laserwall.it\/web\/#organization","name":"Laserwall","url":"https:\/\/laserwall.it\/web\/","logo":{"@type":"ImageObject","inLanguage":"it-IT","@id":"https:\/\/laserwall.it\/web\/#\/schema\/logo\/image\/","url":"https:\/\/laserwall.it\/web\/wp-content\/uploads\/2024\/10\/cropped-logo2024-2.png","contentUrl":"https:\/\/laserwall.it\/web\/wp-content\/uploads\/2024\/10\/cropped-logo2024-2.png","width":180,"height":60,"caption":"Laserwall"},"image":{"@id":"https:\/\/laserwall.it\/web\/#\/schema\/logo\/image\/"},"sameAs":["https:\/\/www.facebook.com\/laserwallsrl","https:\/\/x.com\/Laserwall112459","https:\/\/www.instagram.com\/laserwallsrl\/","https:\/\/www.linkedin.com\/company\/laserwall-srl","https:\/\/www.youtube.com\/@laserwallsrl"]}]}},"_links":{"self":[{"href":"https:\/\/laserwall.it\/web\/wp-json\/wp\/v2\/pages\/287","targetHints":{"allow":["GET"]}}],"collection":[{"href":"https:\/\/laserwall.it\/web\/wp-json\/wp\/v2\/pages"}],"about":[{"href":"https:\/\/laserwall.it\/web\/wp-json\/wp\/v2\/types\/page"}],"author":[{"embeddable":true,"href":"https:\/\/laserwall.it\/web\/wp-json\/wp\/v2\/users\/1"}],"replies":[{"embeddable":true,"href":"https:\/\/laserwall.it\/web\/wp-json\/wp\/v2\/comments?post=287"}],"version-history":[{"count":35,"href":"https:\/\/laserwall.it\/web\/wp-json\/wp\/v2\/pages\/287\/revisions"}],"predecessor-version":[{"id":2010,"href":"https:\/\/laserwall.it\/web\/wp-json\/wp\/v2\/pages\/287\/revisions\/2010"}],"up":[{"embeddable":true,"href":"https:\/\/laserwall.it\/web\/wp-json\/wp\/v2\/pages\/29"}],"wp:attachment":[{"href":"https:\/\/laserwall.it\/web\/wp-json\/wp\/v2\/media?parent=287"}],"curies":[{"name":"wp","href":"https:\/\/api.w.org\/{rel}","templated":true}]}}