{"id":2902,"date":"2026-03-03T14:10:46","date_gmt":"2026-03-03T12:10:46","guid":{"rendered":"https:\/\/laserwall.it\/web\/?page_id=2902"},"modified":"2026-04-02T14:33:33","modified_gmt":"2026-04-02T12:33:33","slug":"comunicare-in-condominio","status":"publish","type":"page","link":"https:\/\/laserwall.it\/web\/amministratori-di-condominio\/comunicare-in-condominio","title":{"rendered":"Comunicare"},"content":{"rendered":"\n<div class=\"wp-block-cover alignfull is-light\" style=\"margin-bottom:var(--wp--preset--spacing--30);min-height:496px;aspect-ratio:unset;\"><img loading=\"lazy\" decoding=\"async\" width=\"1024\" height=\"590\" class=\"wp-block-cover__image-background wp-image-2904 size-large\" alt=\"\" src=\"https:\/\/laserwall.it\/web\/wp-content\/uploads\/2026\/03\/comunicazione-rata-1024x590.webp\" style=\"object-position:53% 100%\" data-object-fit=\"cover\" data-object-position=\"53% 100%\" srcset=\"https:\/\/laserwall.it\/web\/wp-content\/uploads\/2026\/03\/comunicazione-rata-1024x590.webp 1024w, https:\/\/laserwall.it\/web\/wp-content\/uploads\/2026\/03\/comunicazione-rata-300x173.webp 300w, https:\/\/laserwall.it\/web\/wp-content\/uploads\/2026\/03\/comunicazione-rata-768x443.webp 768w, https:\/\/laserwall.it\/web\/wp-content\/uploads\/2026\/03\/comunicazione-rata-1536x886.webp 1536w, https:\/\/laserwall.it\/web\/wp-content\/uploads\/2026\/03\/comunicazione-rata.webp 1547w\" sizes=\"auto, (max-width: 1024px) 100vw, 1024px\" \/><span aria-hidden=\"true\" class=\"wp-block-cover__background has-background-dim\" style=\"background-color:#7a767a\"><\/span><div class=\"wp-block-cover__inner-container is-layout-flow wp-block-cover-is-layout-flow\">\n<h2 class=\"wp-block-heading has-text-align-left has-ast-global-color-5-color has-text-color has-link-color has-large-font-size wp-elements-6d5fa7353dc074eed414694fc32ee9f4\">COMUNICA. ANTICIPA E RISOLVI<\/h2>\n<\/div><\/div>\n\n\n<div class=\"yoast-breadcrumbs\"><span><span><a href=\"https:\/\/laserwall.it\/web\/\">Home<\/a><\/span> &gt; <span><a href=\"https:\/\/laserwall.it\/web\/amministratori-di-condominio\">Amministratori<\/a><\/span> &gt; <span class=\"breadcrumb_last\" aria-current=\"page\">Comunicare<\/span><\/span><\/div>\n\n\n<h1 class=\"wp-block-heading\" style=\"margin-top:var(--wp--preset--spacing--20);margin-bottom:var(--wp--preset--spacing--20)\">Comunica in tempo reale con i tuoi condomini<\/h1>\n\n\n\n<p>Comunicare in modo diretto ed immediato \u00e8 essenziale per fornire un servizio di alto livello ai tuoi cond\u00f2mini e migliorare il tuo lavoro. Grazie alle soluzioni Laserwall raggiungi tutti, chi ha sempre lo smartphone in mano con le notifiche push, ma anche chi lo smartphone non lo usa, grazie alla bacheca digitale posizionata all&#8217;ingresso dello stabile.<\/p>\n\n\n\n<p>Centralizza i canali di comunicazione ed invia la stessa comunicazione a tutti i condomini, oppure solo ad uno specifico condominio. Scegli di programmare un messaggio, scegliendo la data di pubblicazione e l&#8217;eventuale data di depubblicazione.<\/p>\n\n\n\n<h2 class=\"wp-block-heading\" style=\"margin-top:var(--wp--preset--spacing--40);margin-right:0;margin-bottom:var(--wp--preset--spacing--40);margin-left:0\">Comunicazione a tutti: Bacheca digitale + APP<\/h2>\n\n\n\n<div class=\"wp-block-columns is-layout-flex wp-container-core-columns-is-layout-28f84493 wp-block-columns-is-layout-flex\">\n<div class=\"wp-block-column is-layout-flow wp-block-column-is-layout-flow\">\n<figure class=\"wp-block-image aligncenter size-large is-resized\"><a href=\"https:\/\/laserwall.it\/web\/prodotti\/teca-bacheca-digitale\"><img loading=\"lazy\" decoding=\"async\" width=\"1024\" height=\"737\" src=\"https:\/\/laserwall.it\/web\/wp-content\/uploads\/2024\/10\/board-1024x737.webp\" alt=\"\" class=\"wp-image-205\" style=\"aspect-ratio:1.3894191115824202;width:514px;height:auto\" srcset=\"https:\/\/laserwall.it\/web\/wp-content\/uploads\/2024\/10\/board-1024x737.webp 1024w, https:\/\/laserwall.it\/web\/wp-content\/uploads\/2024\/10\/board-300x216.webp 300w, https:\/\/laserwall.it\/web\/wp-content\/uploads\/2024\/10\/board-768x553.webp 768w, https:\/\/laserwall.it\/web\/wp-content\/uploads\/2024\/10\/board-1536x1106.webp 1536w, https:\/\/laserwall.it\/web\/wp-content\/uploads\/2024\/10\/board.webp 1600w\" sizes=\"auto, (max-width: 1024px) 100vw, 1024px\" \/><\/a><\/figure>\n\n\n\n<p class=\"has-text-align-center\">La <strong><a href=\"https:\/\/laserwall.it\/web\/prodotti\/teca-bacheca-digitale\" type=\"page\" id=\"350\">bacheca digitale<\/a><\/strong> \u00e8 uno schermo touch di 21 pollici ad alta risoluzione presente all&#8217;ingresso del condominio o di ogni scala.<br>Permette di leggere le comunicazioni e con l&#8217;utilizzo di un pin personale di accedere a messaggi riservati.<\/p>\n<\/div>\n\n\n\n<div class=\"wp-block-column is-layout-flow wp-block-column-is-layout-flow\">\n<figure class=\"wp-block-image aligncenter size-full is-resized\"><img loading=\"lazy\" decoding=\"async\" width=\"312\" height=\"621\" src=\"https:\/\/laserwall.it\/web\/wp-content\/uploads\/2026\/03\/app-comunicazione-rata.png\" alt=\"\" class=\"wp-image-2906\" style=\"width:191px;height:auto\" srcset=\"https:\/\/laserwall.it\/web\/wp-content\/uploads\/2026\/03\/app-comunicazione-rata.png 312w, https:\/\/laserwall.it\/web\/wp-content\/uploads\/2026\/03\/app-comunicazione-rata-151x300.png 151w\" sizes=\"auto, (max-width: 312px) 100vw, 312px\" \/><\/figure>\n\n\n\n<p class=\"has-text-align-center\">L&#8217;<a href=\"https:\/\/laserwall.it\/web\/app-android-ios\" type=\"link\" id=\"https:\/\/laserwall.it\/web\/app-android-ios\"><strong>APP Laserwall<\/strong><\/a> \u00e8 il centro portatile di tutto il sistema. Oltre ad accedere e leggere tutte le comunicazioni pubblicate, \u00e8 possibile ricevere comunicazioni push per le notizie pi\u00f9 urgenti.<\/p>\n<\/div>\n<\/div>\n\n\n\n<h3 class=\"wp-block-heading\" style=\"margin-top:var(--wp--preset--spacing--40);margin-right:0;margin-bottom:var(--wp--preset--spacing--40);margin-left:0\">Pieno controllo delle comunicazioni ai cond\u00f2mini<\/h3>\n\n\n\n<div class=\"wp-block-media-text is-stacked-on-mobile\" style=\"padding-top:var(--wp--preset--spacing--30);padding-bottom:var(--wp--preset--spacing--30);grid-template-columns:39% auto\"><figure class=\"wp-block-media-text__media\"><img loading=\"lazy\" decoding=\"async\" width=\"516\" height=\"342\" src=\"https:\/\/laserwall.it\/web\/wp-content\/uploads\/2026\/03\/bacheca-comunicazione-primo-piano.png\" alt=\"\" class=\"wp-image-2909 size-full\" srcset=\"https:\/\/laserwall.it\/web\/wp-content\/uploads\/2026\/03\/bacheca-comunicazione-primo-piano.png 516w, https:\/\/laserwall.it\/web\/wp-content\/uploads\/2026\/03\/bacheca-comunicazione-primo-piano-300x199.png 300w\" sizes=\"auto, (max-width: 516px) 100vw, 516px\" \/><\/figure><div class=\"wp-block-media-text__content\">\n<p><strong>MESSAGGIO IN PRIMO PIANO<\/strong><br>Permette di pubblicare un messaggio e tenerlo come <strong>primo della lista<\/strong>, anche se non \u00e8 il pi\u00f9 recente. Utile per comunicazioni importanti che si vogliono subito visualizzare per lunghi periodi.<\/p>\n<\/div><\/div>\n\n\n\n<div class=\"wp-block-media-text has-media-on-the-right is-stacked-on-mobile\" style=\"padding-top:var(--wp--preset--spacing--30);padding-bottom:var(--wp--preset--spacing--30);grid-template-columns:auto 39%\"><div class=\"wp-block-media-text__content\">\n<p><strong>MESSAGGIO APERTO<\/strong><br>Permette di pubblicare un messaggio e tenerlo aperto a tutto schermo per un tempo predefinito (1 giorno o pi\u00f9 giorni) per comunicazioni di particolare gravit\u00e0. <\/p>\n<\/div><figure class=\"wp-block-media-text__media\"><img loading=\"lazy\" decoding=\"async\" width=\"920\" height=\"520\" src=\"https:\/\/laserwall.it\/web\/wp-content\/uploads\/2026\/03\/comunicazione-messaggio-aperto.jpg\" alt=\"\" class=\"wp-image-2910 size-full\" srcset=\"https:\/\/laserwall.it\/web\/wp-content\/uploads\/2026\/03\/comunicazione-messaggio-aperto.jpg 920w, https:\/\/laserwall.it\/web\/wp-content\/uploads\/2026\/03\/comunicazione-messaggio-aperto-300x170.jpg 300w, https:\/\/laserwall.it\/web\/wp-content\/uploads\/2026\/03\/comunicazione-messaggio-aperto-768x434.jpg 768w\" sizes=\"auto, (max-width: 920px) 100vw, 920px\" \/><\/figure><\/div>\n\n\n\n<p class=\"has-medium-font-size\">Con le nostre funzionalit\u00e0 puoi:<\/p>\n\n\n\n<ul class=\"wp-block-list\">\n<li class=\"has-medium-font-size\">sempre <strong>modificare o cancellare un messaggio pubblicato<\/strong> e decidere in quale condominio deve apparire<\/li>\n\n\n\n<li class=\"has-medium-font-size\"><strong>trasformare una segnalazione in un messaggio<\/strong> in bacheca ed APP in modo tale che non ti arrivino nuove comunicazione dai cond\u00f2mini<\/li>\n\n\n\n<li class=\"has-medium-font-size\"><strong>delegare la pubblicazione dei messaggi ai Consiglieri <\/strong>o ad un tuo collega di studio (funzionalit\u00e0 disponibile da Aprile 2026)<\/li>\n\n\n\n<li class=\"has-medium-font-size\"><strong>attivare i messaggi automatici per la scadenza delle rate condominiali<\/strong> (funzionalit\u00e0 disponibile da Aprile 2026)<\/li>\n<\/ul>\n\n\n\n<div style=\"height:100px\" aria-hidden=\"true\" class=\"wp-block-spacer\"><\/div>\n\n\n\n<p><\/p>\n","protected":false},"excerpt":{"rendered":"<p>Comunica in tempo reale con i tuoi condomini Comunicare in modo diretto ed immediato \u00e8 essenziale per fornire un servizio di alto livello ai tuoi cond\u00f2mini e migliorare il tuo lavoro. Grazie alle soluzioni Laserwall raggiungi tutti, chi ha sempre lo smartphone in mano con le notifiche push, ma anche chi lo smartphone non lo [&hellip;]<\/p>\n","protected":false},"author":1,"featured_media":0,"parent":305,"menu_order":0,"comment_status":"closed","ping_status":"closed","template":"","meta":{"inline_featured_image":false,"site-sidebar-layout":"default","site-content-layout":"","ast-site-content-layout":"default","site-content-style":"default","site-sidebar-style":"default","ast-global-header-display":"","ast-banner-title-visibility":"","ast-main-header-display":"","ast-hfb-above-header-display":"","ast-hfb-below-header-display":"","ast-hfb-mobile-header-display":"","site-post-title":"disabled","ast-breadcrumbs-content":"","ast-featured-img":"","footer-sml-layout":"","ast-disable-related-posts":"","theme-transparent-header-meta":"","adv-header-id-meta":"","stick-header-meta":"","header-above-stick-meta":"","header-main-stick-meta":"","header-below-stick-meta":"","astra-migrate-meta-layouts":"default","ast-page-background-enabled":"default","ast-page-background-meta":{"desktop":{"background-color":"var(--ast-global-color-4)","background-image":"","background-repeat":"repeat","background-position":"center center","background-size":"auto","background-attachment":"scroll","background-type":"","background-media":"","overlay-type":"","overlay-color":"","overlay-opacity":"","overlay-gradient":""},"tablet":{"background-color":"","background-image":"","background-repeat":"repeat","background-position":"center center","background-size":"auto","background-attachment":"scroll","background-type":"","background-media":"","overlay-type":"","overlay-color":"","overlay-opacity":"","overlay-gradient":""},"mobile":{"background-color":"","background-image":"","background-repeat":"repeat","background-position":"center center","background-size":"auto","background-attachment":"scroll","background-type":"","background-media":"","overlay-type":"","overlay-color":"","overlay-opacity":"","overlay-gradient":""}},"ast-content-background-meta":{"desktop":{"background-color":"var(--ast-global-color-5)","background-image":"","background-repeat":"repeat","background-position":"center center","background-size":"auto","background-attachment":"scroll","background-type":"","background-media":"","overlay-type":"","overlay-color":"","overlay-opacity":"","overlay-gradient":""},"tablet":{"background-color":"var(--ast-global-color-5)","background-image":"","background-repeat":"repeat","background-position":"center center","background-size":"auto","background-attachment":"scroll","background-type":"","background-media":"","overlay-type":"","overlay-color":"","overlay-opacity":"","overlay-gradient":""},"mobile":{"background-color":"var(--ast-global-color-5)","background-image":"","background-repeat":"repeat","background-position":"center center","background-size":"auto","background-attachment":"scroll","background-type":"","background-media":"","overlay-type":"","overlay-color":"","overlay-opacity":"","overlay-gradient":""}},"footnotes":""},"class_list":["post-2902","page","type-page","status-publish","hentry"],"yoast_head":"<!-- This site is optimized with the Yoast SEO plugin v27.5 - https:\/\/yoast.com\/product\/yoast-seo-wordpress\/ -->\n<title>Comunicare - Laserwall<\/title>\n<meta name=\"robots\" content=\"index, follow, max-snippet:-1, max-image-preview:large, max-video-preview:-1\" \/>\n<link rel=\"canonical\" href=\"https:\/\/laserwall.it\/web\/amministratori-di-condominio\/comunicare-in-condominio\" \/>\n<meta property=\"og:locale\" content=\"it_IT\" \/>\n<meta property=\"og:type\" content=\"article\" \/>\n<meta property=\"og:title\" content=\"Comunicare - Laserwall\" \/>\n<meta property=\"og:description\" content=\"Comunica in tempo reale con i tuoi condomini Comunicare in modo diretto ed immediato \u00e8 essenziale per fornire un servizio di alto livello ai tuoi cond\u00f2mini e migliorare il tuo lavoro. Grazie alle soluzioni Laserwall raggiungi tutti, chi ha sempre lo smartphone in mano con le notifiche push, ma anche chi lo smartphone non lo [&hellip;]\" \/>\n<meta property=\"og:url\" content=\"https:\/\/laserwall.it\/web\/amministratori-di-condominio\/comunicare-in-condominio\" \/>\n<meta property=\"og:site_name\" content=\"Laserwall\" \/>\n<meta property=\"article:publisher\" content=\"https:\/\/www.facebook.com\/laserwallsrl\" \/>\n<meta property=\"article:modified_time\" content=\"2026-04-02T12:33:33+00:00\" \/>\n<meta property=\"og:image\" content=\"https:\/\/laserwall.it\/web\/wp-content\/uploads\/2026\/03\/comunicazione-rata-1024x590.webp\" \/>\n<meta name=\"twitter:card\" content=\"summary_large_image\" \/>\n<meta name=\"twitter:site\" content=\"@Laserwall112459\" \/>\n<meta name=\"twitter:label1\" content=\"Tempo di lettura stimato\" \/>\n\t<meta name=\"twitter:data1\" content=\"3 minuti\" \/>\n<script type=\"application\/ld+json\" class=\"yoast-schema-graph\">{\"@context\":\"https:\\\/\\\/schema.org\",\"@graph\":[{\"@type\":\"WebPage\",\"@id\":\"https:\\\/\\\/laserwall.it\\\/web\\\/amministratori-di-condominio\\\/comunicare-in-condominio\",\"url\":\"https:\\\/\\\/laserwall.it\\\/web\\\/amministratori-di-condominio\\\/comunicare-in-condominio\",\"name\":\"Comunicare - Laserwall\",\"isPartOf\":{\"@id\":\"https:\\\/\\\/laserwall.it\\\/web\\\/#website\"},\"primaryImageOfPage\":{\"@id\":\"https:\\\/\\\/laserwall.it\\\/web\\\/amministratori-di-condominio\\\/comunicare-in-condominio#primaryimage\"},\"image\":{\"@id\":\"https:\\\/\\\/laserwall.it\\\/web\\\/amministratori-di-condominio\\\/comunicare-in-condominio#primaryimage\"},\"thumbnailUrl\":\"https:\\\/\\\/laserwall.it\\\/web\\\/wp-content\\\/uploads\\\/2026\\\/03\\\/comunicazione-rata-1024x590.webp\",\"datePublished\":\"2026-03-03T12:10:46+00:00\",\"dateModified\":\"2026-04-02T12:33:33+00:00\",\"breadcrumb\":{\"@id\":\"https:\\\/\\\/laserwall.it\\\/web\\\/amministratori-di-condominio\\\/comunicare-in-condominio#breadcrumb\"},\"inLanguage\":\"it-IT\",\"potentialAction\":[{\"@type\":\"ReadAction\",\"target\":[\"https:\\\/\\\/laserwall.it\\\/web\\\/amministratori-di-condominio\\\/comunicare-in-condominio\"]}]},{\"@type\":\"ImageObject\",\"inLanguage\":\"it-IT\",\"@id\":\"https:\\\/\\\/laserwall.it\\\/web\\\/amministratori-di-condominio\\\/comunicare-in-condominio#primaryimage\",\"url\":\"https:\\\/\\\/laserwall.it\\\/web\\\/wp-content\\\/uploads\\\/2026\\\/03\\\/comunicazione-rata.webp\",\"contentUrl\":\"https:\\\/\\\/laserwall.it\\\/web\\\/wp-content\\\/uploads\\\/2026\\\/03\\\/comunicazione-rata.webp\",\"width\":1547,\"height\":892},{\"@type\":\"BreadcrumbList\",\"@id\":\"https:\\\/\\\/laserwall.it\\\/web\\\/amministratori-di-condominio\\\/comunicare-in-condominio#breadcrumb\",\"itemListElement\":[{\"@type\":\"ListItem\",\"position\":1,\"name\":\"Home\",\"item\":\"https:\\\/\\\/laserwall.it\\\/web\\\/\"},{\"@type\":\"ListItem\",\"position\":2,\"name\":\"Amministratori\",\"item\":\"https:\\\/\\\/laserwall.it\\\/web\\\/amministratori-di-condominio\"},{\"@type\":\"ListItem\",\"position\":3,\"name\":\"Comunicare\"}]},{\"@type\":\"WebSite\",\"@id\":\"https:\\\/\\\/laserwall.it\\\/web\\\/#website\",\"url\":\"https:\\\/\\\/laserwall.it\\\/web\\\/\",\"name\":\"Laserwall\",\"description\":\"\",\"publisher\":{\"@id\":\"https:\\\/\\\/laserwall.it\\\/web\\\/#organization\"},\"potentialAction\":[{\"@type\":\"SearchAction\",\"target\":{\"@type\":\"EntryPoint\",\"urlTemplate\":\"https:\\\/\\\/laserwall.it\\\/web\\\/?s={search_term_string}\"},\"query-input\":{\"@type\":\"PropertyValueSpecification\",\"valueRequired\":true,\"valueName\":\"search_term_string\"}}],\"inLanguage\":\"it-IT\"},{\"@type\":\"Organization\",\"@id\":\"https:\\\/\\\/laserwall.it\\\/web\\\/#organization\",\"name\":\"Laserwall\",\"url\":\"https:\\\/\\\/laserwall.it\\\/web\\\/\",\"logo\":{\"@type\":\"ImageObject\",\"inLanguage\":\"it-IT\",\"@id\":\"https:\\\/\\\/laserwall.it\\\/web\\\/#\\\/schema\\\/logo\\\/image\\\/\",\"url\":\"https:\\\/\\\/laserwall.it\\\/web\\\/wp-content\\\/uploads\\\/2024\\\/10\\\/cropped-logo2024-2.png\",\"contentUrl\":\"https:\\\/\\\/laserwall.it\\\/web\\\/wp-content\\\/uploads\\\/2024\\\/10\\\/cropped-logo2024-2.png\",\"width\":180,\"height\":60,\"caption\":\"Laserwall\"},\"image\":{\"@id\":\"https:\\\/\\\/laserwall.it\\\/web\\\/#\\\/schema\\\/logo\\\/image\\\/\"},\"sameAs\":[\"https:\\\/\\\/www.facebook.com\\\/laserwallsrl\",\"https:\\\/\\\/x.com\\\/Laserwall112459\",\"https:\\\/\\\/www.instagram.com\\\/laserwallsrl\\\/\",\"https:\\\/\\\/www.linkedin.com\\\/company\\\/laserwall-srl\",\"https:\\\/\\\/www.youtube.com\\\/@laserwallsrl\"]}]}<\/script>\n<!-- \/ Yoast SEO plugin. -->","yoast_head_json":{"title":"Comunicare - Laserwall","robots":{"index":"index","follow":"follow","max-snippet":"max-snippet:-1","max-image-preview":"max-image-preview:large","max-video-preview":"max-video-preview:-1"},"canonical":"https:\/\/laserwall.it\/web\/amministratori-di-condominio\/comunicare-in-condominio","og_locale":"it_IT","og_type":"article","og_title":"Comunicare - Laserwall","og_description":"Comunica in tempo reale con i tuoi condomini Comunicare in modo diretto ed immediato \u00e8 essenziale per fornire un servizio di alto livello ai tuoi cond\u00f2mini e migliorare il tuo lavoro. Grazie alle soluzioni Laserwall raggiungi tutti, chi ha sempre lo smartphone in mano con le notifiche push, ma anche chi lo smartphone non lo [&hellip;]","og_url":"https:\/\/laserwall.it\/web\/amministratori-di-condominio\/comunicare-in-condominio","og_site_name":"Laserwall","article_publisher":"https:\/\/www.facebook.com\/laserwallsrl","article_modified_time":"2026-04-02T12:33:33+00:00","og_image":[{"url":"https:\/\/laserwall.it\/web\/wp-content\/uploads\/2026\/03\/comunicazione-rata-1024x590.webp","type":"","width":"","height":""}],"twitter_card":"summary_large_image","twitter_site":"@Laserwall112459","twitter_misc":{"Tempo di lettura stimato":"3 minuti"},"schema":{"@context":"https:\/\/schema.org","@graph":[{"@type":"WebPage","@id":"https:\/\/laserwall.it\/web\/amministratori-di-condominio\/comunicare-in-condominio","url":"https:\/\/laserwall.it\/web\/amministratori-di-condominio\/comunicare-in-condominio","name":"Comunicare - Laserwall","isPartOf":{"@id":"https:\/\/laserwall.it\/web\/#website"},"primaryImageOfPage":{"@id":"https:\/\/laserwall.it\/web\/amministratori-di-condominio\/comunicare-in-condominio#primaryimage"},"image":{"@id":"https:\/\/laserwall.it\/web\/amministratori-di-condominio\/comunicare-in-condominio#primaryimage"},"thumbnailUrl":"https:\/\/laserwall.it\/web\/wp-content\/uploads\/2026\/03\/comunicazione-rata-1024x590.webp","datePublished":"2026-03-03T12:10:46+00:00","dateModified":"2026-04-02T12:33:33+00:00","breadcrumb":{"@id":"https:\/\/laserwall.it\/web\/amministratori-di-condominio\/comunicare-in-condominio#breadcrumb"},"inLanguage":"it-IT","potentialAction":[{"@type":"ReadAction","target":["https:\/\/laserwall.it\/web\/amministratori-di-condominio\/comunicare-in-condominio"]}]},{"@type":"ImageObject","inLanguage":"it-IT","@id":"https:\/\/laserwall.it\/web\/amministratori-di-condominio\/comunicare-in-condominio#primaryimage","url":"https:\/\/laserwall.it\/web\/wp-content\/uploads\/2026\/03\/comunicazione-rata.webp","contentUrl":"https:\/\/laserwall.it\/web\/wp-content\/uploads\/2026\/03\/comunicazione-rata.webp","width":1547,"height":892},{"@type":"BreadcrumbList","@id":"https:\/\/laserwall.it\/web\/amministratori-di-condominio\/comunicare-in-condominio#breadcrumb","itemListElement":[{"@type":"ListItem","position":1,"name":"Home","item":"https:\/\/laserwall.it\/web\/"},{"@type":"ListItem","position":2,"name":"Amministratori","item":"https:\/\/laserwall.it\/web\/amministratori-di-condominio"},{"@type":"ListItem","position":3,"name":"Comunicare"}]},{"@type":"WebSite","@id":"https:\/\/laserwall.it\/web\/#website","url":"https:\/\/laserwall.it\/web\/","name":"Laserwall","description":"","publisher":{"@id":"https:\/\/laserwall.it\/web\/#organization"},"potentialAction":[{"@type":"SearchAction","target":{"@type":"EntryPoint","urlTemplate":"https:\/\/laserwall.it\/web\/?s={search_term_string}"},"query-input":{"@type":"PropertyValueSpecification","valueRequired":true,"valueName":"search_term_string"}}],"inLanguage":"it-IT"},{"@type":"Organization","@id":"https:\/\/laserwall.it\/web\/#organization","name":"Laserwall","url":"https:\/\/laserwall.it\/web\/","logo":{"@type":"ImageObject","inLanguage":"it-IT","@id":"https:\/\/laserwall.it\/web\/#\/schema\/logo\/image\/","url":"https:\/\/laserwall.it\/web\/wp-content\/uploads\/2024\/10\/cropped-logo2024-2.png","contentUrl":"https:\/\/laserwall.it\/web\/wp-content\/uploads\/2024\/10\/cropped-logo2024-2.png","width":180,"height":60,"caption":"Laserwall"},"image":{"@id":"https:\/\/laserwall.it\/web\/#\/schema\/logo\/image\/"},"sameAs":["https:\/\/www.facebook.com\/laserwallsrl","https:\/\/x.com\/Laserwall112459","https:\/\/www.instagram.com\/laserwallsrl\/","https:\/\/www.linkedin.com\/company\/laserwall-srl","https:\/\/www.youtube.com\/@laserwallsrl"]}]}},"_links":{"self":[{"href":"https:\/\/laserwall.it\/web\/wp-json\/wp\/v2\/pages\/2902","targetHints":{"allow":["GET"]}}],"collection":[{"href":"https:\/\/laserwall.it\/web\/wp-json\/wp\/v2\/pages"}],"about":[{"href":"https:\/\/laserwall.it\/web\/wp-json\/wp\/v2\/types\/page"}],"author":[{"embeddable":true,"href":"https:\/\/laserwall.it\/web\/wp-json\/wp\/v2\/users\/1"}],"replies":[{"embeddable":true,"href":"https:\/\/laserwall.it\/web\/wp-json\/wp\/v2\/comments?post=2902"}],"version-history":[{"count":7,"href":"https:\/\/laserwall.it\/web\/wp-json\/wp\/v2\/pages\/2902\/revisions"}],"predecessor-version":[{"id":3054,"href":"https:\/\/laserwall.it\/web\/wp-json\/wp\/v2\/pages\/2902\/revisions\/3054"}],"up":[{"embeddable":true,"href":"https:\/\/laserwall.it\/web\/wp-json\/wp\/v2\/pages\/305"}],"wp:attachment":[{"href":"https:\/\/laserwall.it\/web\/wp-json\/wp\/v2\/media?parent=2902"}],"curies":[{"name":"wp","href":"https:\/\/api.w.org\/{rel}","templated":true}]}}