{"id":3026,"date":"2026-03-30T14:54:53","date_gmt":"2026-03-30T12:54:53","guid":{"rendered":"https:\/\/laserwall.it\/web\/?page_id=3026"},"modified":"2026-04-02T10:22:12","modified_gmt":"2026-04-02T08:22:12","slug":"accessi","status":"publish","type":"page","link":"https:\/\/laserwall.it\/web\/accessi","title":{"rendered":"Accessi digitali e controllati al tuo condominio"},"content":{"rendered":"\n<div class=\"wp-block-cover alignfull\" style=\"margin-top:0;margin-bottom:var(--wp--preset--spacing--20);padding-top:0;padding-bottom:0\"><img loading=\"lazy\" decoding=\"async\" width=\"1024\" height=\"344\" class=\"wp-block-cover__image-background wp-image-3029 size-large\" alt=\"\" src=\"https:\/\/laserwall.it\/web\/wp-content\/uploads\/2026\/03\/laserwall-accessi-1024x344.webp\" style=\"object-position:51% 0%\" data-object-fit=\"cover\" data-object-position=\"51% 0%\" srcset=\"https:\/\/laserwall.it\/web\/wp-content\/uploads\/2026\/03\/laserwall-accessi-1024x344.webp 1024w, https:\/\/laserwall.it\/web\/wp-content\/uploads\/2026\/03\/laserwall-accessi-300x101.webp 300w, https:\/\/laserwall.it\/web\/wp-content\/uploads\/2026\/03\/laserwall-accessi-768x258.webp 768w, https:\/\/laserwall.it\/web\/wp-content\/uploads\/2026\/03\/laserwall-accessi.webp 1200w\" sizes=\"auto, (max-width: 1024px) 100vw, 1024px\" \/><span aria-hidden=\"true\" class=\"wp-block-cover__background has-background-dim\" style=\"background-color:#6a7886\"><\/span><div class=\"wp-block-cover__inner-container is-layout-flow wp-block-cover-is-layout-flow\">\n<p class=\"has-text-align-center has-large-font-size\"><\/p>\n<\/div><\/div>\n\n\n<div class=\"yoast-breadcrumbs\"><span><span><a href=\"https:\/\/laserwall.it\/web\/\">Home<\/a><\/span> &gt; <span class=\"breadcrumb_last\" aria-current=\"page\">Accessi digitali e controllati al tuo condominio<\/span><\/span><\/div>\n\n\n<h1 class=\"wp-block-heading has-text-align-left has-ast-global-color-1-color has-text-color has-link-color wp-elements-a1b08b9a54583622765e2826f40b05ea\">Accessi digitali e controllati al condom\u00ecnio<\/h1>\n\n\n\n<div class=\"wp-block-media-text has-media-on-the-right is-stacked-on-mobile is-vertically-aligned-center has-medium-font-size\" style=\"margin-top:0;margin-bottom:0;padding-top:var(--wp--preset--spacing--20);padding-bottom:var(--wp--preset--spacing--20);grid-template-columns:auto 36%\"><div class=\"wp-block-media-text__content\">\n<p>Laserwall permette di accedere al condominio in diversi modi e soddisfando le esigenze di chi ci vive e di chi ci lavora. <br>Apri porte, passi carrai, sale comuni del condominio <strong>tramite smartphone<\/strong> con l&#8217;APP Laserwall. <br>Oppure concedi l&#8217;ingresso ai <strong><a href=\"#amazoney\" type=\"internal\" id=\"#amazoney\">corriere Amazon<\/a><\/strong> ed ai <strong>fornitori<\/strong>, in modo controllato e sicuro.<br>In pi\u00f9 con il <strong>videocitofono virtuale <a href=\"https:\/\/laserwall.it\/web\/prodotti\/vcom-videocitofono-virtuale-app\" type=\"page\" id=\"436\">VCOM<\/a><\/strong>, apri il portone ad un tuo ospite anche quando non sei in casa.<br>Aprire le porte del condominio con le chiavi digitali ti offre <strong>numerosi vantaggi<\/strong>:\u00a0<\/p>\n\n\n\n<ul class=\"wp-block-list\">\n<li><strong>mai pi\u00f9 chiavi dimenticate<\/strong><\/li>\n\n\n\n<li><strong>pi\u00f9 sicure<\/strong>, perch\u00e9 possono essere revocate in caso di perdita o furto del telefono<\/li>\n\n\n\n<li><strong>economiche,<\/strong> riducendo i cambi di serrature e la duplicazione delle chiavi per ogni nuovo cond\u00f2mino<\/li>\n<\/ul>\n<\/div><figure class=\"wp-block-media-text__media\"><img loading=\"lazy\" decoding=\"async\" width=\"728\" height=\"552\" src=\"https:\/\/laserwall.it\/web\/wp-content\/uploads\/2026\/03\/smartphone-accessi.jpg\" alt=\"\" class=\"wp-image-3033 size-full\" srcset=\"https:\/\/laserwall.it\/web\/wp-content\/uploads\/2026\/03\/smartphone-accessi.jpg 728w, https:\/\/laserwall.it\/web\/wp-content\/uploads\/2026\/03\/smartphone-accessi-300x227.jpg 300w\" sizes=\"auto, (max-width: 728px) 100vw, 728px\" \/><\/figure><\/div>\n\n\n\n<div class=\"wp-block-columns has-ast-global-color-5-background-color has-background is-layout-flex wp-container-core-columns-is-layout-1589f851 wp-block-columns-is-layout-flex\" style=\"border-style:none;border-width:0px;margin-top:var(--wp--preset--spacing--30);margin-bottom:var(--wp--preset--spacing--60);padding-top:var(--wp--preset--spacing--40);padding-bottom:var(--wp--preset--spacing--40)\">\n<div class=\"wp-block-column is-vertically-aligned-top is-layout-flow wp-container-core-column-is-layout-8a368f38 wp-block-column-is-layout-flow\">\n<h5 class=\"wp-block-heading has-text-align-center\"><mark style=\"background-color:rgba(0, 0, 0, 0)\" class=\"has-inline-color has-ast-global-color-1-color\">Accesso alle porte comuni del condom\u00ecnio<\/mark><\/h5>\n\n\n\n<p class=\"has-text-align-center\">Installata la <a href=\"https:\/\/laserwall.it\/web\/prodotti\/key-chiavi-digitali\" type=\"page\" id=\"425\">Laserwall KEY<\/a>, tutti i cond\u00f2mini possono utilizzare il sistema<\/p>\n<\/div>\n\n\n\n<div class=\"wp-block-column is-vertically-aligned-top is-layout-flow wp-container-core-column-is-layout-8a368f38 wp-block-column-is-layout-flow\">\n<h5 class=\"wp-block-heading has-text-align-center\"><mark style=\"background-color:rgba(0, 0, 0, 0)\" class=\"has-inline-color has-ast-global-color-1-color\">Gestione accessi Corrieri Amazon<\/mark><\/h5>\n\n\n\n<p class=\"has-text-align-center\">Con <a href=\"#amazonkey\" type=\"internal\" id=\"#amazonkey\">Amazon Key<\/a>, i corrieri possono accedere in modo autonomo, anche quando non sei in casa. Sono abilitati solo il tempo della consegna<\/p>\n<\/div>\n\n\n\n<div class=\"wp-block-column is-vertically-aligned-top is-layout-flow wp-container-core-column-is-layout-8a368f38 wp-block-column-is-layout-flow\">\n<h5 class=\"wp-block-heading has-text-align-center\"><mark style=\"background-color:rgba(0, 0, 0, 0)\" class=\"has-inline-color has-ast-global-color-1-color\">Accesso ai fornitori<\/mark><\/h5>\n\n\n\n<p class=\"has-text-align-center\">Ditte di pulizie, elettricisti, idraulici possono accedere per interventi sulle parti comuni anche senza Amministratore o Consigliere<\/p>\n<\/div>\n\n\n\n<div class=\"wp-block-column is-vertically-aligned-top is-layout-flow wp-container-core-column-is-layout-8a368f38 wp-block-column-is-layout-flow\">\n<h5 class=\"wp-block-heading has-text-align-center\"><mark style=\"background-color:rgba(0, 0, 0, 0)\" class=\"has-inline-color has-ast-global-color-1-color\">Videocitofono virtuale VCOM<\/mark><\/h5>\n\n\n\n<p class=\"has-text-align-center\">Un QRCODE, Laserwall Key e qualsiasi accesso pu\u00f2 essere gestito dal <a href=\"https:\/\/laserwall.it\/web\/prodotti\/vcom-videocitofono-virtuale-app\" type=\"page\" id=\"436\">videocitofono virtuale<\/a>. Anche quando non sei in casa.<\/p>\n<\/div>\n<\/div>\n\n\n\n<div class=\"wp-block-media-text is-stacked-on-mobile\" style=\"margin-bottom:var(--wp--preset--spacing--50);padding-right:0;padding-left:0;grid-template-columns:29% auto\"><figure class=\"wp-block-media-text__media\"><a href=\"https:\/\/laserwall.it\/it\/contattaci\"><img loading=\"lazy\" decoding=\"async\" width=\"571\" height=\"631\" src=\"https:\/\/laserwall.it\/web\/wp-content\/uploads\/2026\/03\/accesi-ideale-fornitori.png\" alt=\"\" class=\"wp-image-3028 size-full\" srcset=\"https:\/\/laserwall.it\/web\/wp-content\/uploads\/2026\/03\/accesi-ideale-fornitori.png 571w, https:\/\/laserwall.it\/web\/wp-content\/uploads\/2026\/03\/accesi-ideale-fornitori-271x300.png 271w\" sizes=\"auto, (max-width: 571px) 100vw, 571px\" \/><\/a><\/figure><div class=\"wp-block-media-text__content\">\n<p>Con <a href=\"https:\/\/laserwall.it\/web\/comunicati-stampa\/news-it\/chiavi-digitali-condomini-case-vacanze\" type=\"post\" id=\"2458\">Laserwall KEY<\/a> la gestione degli accessi in condominio diventa semplice e veloce. Immagina di abilitare l&#8217;accesso al condominio al fornitore con una semplice operazione sullo smartphone di 1 minuto<\/p>\n\n\n\n<p><strong>Quanto \u00e8 grande Laserwall KEY?<\/strong><br>KEY \u00e8 composto da un <strong>piccolo dispositivo di dimensioni 5x5x2 cm <\/strong>che si monta vicino alla serratura elettrificata. <br><br><strong>Come funziona Laserwall KEY?<\/strong><br>Solo nelle vicinanze della porta viene rilevata la presenza dello smartphone con la chiave digitale. Il sistema verifica la validit\u00e0 e permette all&#8217;utente associato di poter aprire la porta con un semplice clic sull&#8217;APP Laserwall.<\/p>\n<\/div><\/div>\n\n\n\n<a name=\"amazonkey\"><\/a>\n\n\n\n<h2 class=\"wp-block-heading\" style=\"margin-top:var(--wp--preset--spacing--40);margin-right:0;margin-bottom:var(--wp--preset--spacing--40);margin-left:0\">Amazon Key in condominio<\/h2>\n\n\n\n<div class=\"wp-block-media-text is-stacked-on-mobile\"><figure class=\"wp-block-media-text__media\"><img loading=\"lazy\" decoding=\"async\" width=\"1024\" height=\"684\" src=\"https:\/\/laserwall.it\/web\/wp-content\/uploads\/2024\/10\/amazon_key-1024x684.webp\" alt=\"Amazon key per i condomini\" class=\"wp-image-587 size-full\" srcset=\"https:\/\/laserwall.it\/web\/wp-content\/uploads\/2024\/10\/amazon_key-1024x684.webp 1024w, https:\/\/laserwall.it\/web\/wp-content\/uploads\/2024\/10\/amazon_key-300x200.webp 300w, https:\/\/laserwall.it\/web\/wp-content\/uploads\/2024\/10\/amazon_key-768x513.webp 768w, https:\/\/laserwall.it\/web\/wp-content\/uploads\/2024\/10\/amazon_key.webp 1348w\" sizes=\"auto, (max-width: 1024px) 100vw, 1024px\" \/><\/figure><div class=\"wp-block-media-text__content\">\n<figure class=\"wp-block-image size-full is-resized\"><img decoding=\"async\" src=\"https:\/\/laserwall.it\/web\/wp-content\/uploads\/2024\/12\/amazonkey_primary_prime-2.svg\" alt=\"\" class=\"wp-image-1718\" style=\"width:146px;height:auto\"\/><\/figure>\n\n\n\n<p><strong>Amazon Key <\/strong>permette di ricevere le consegne di Amazon anche se non si \u00e8 in casa: in questo modo, non \u00e8 pi\u00f9 necessario programmare la giornata in base agli orari di consegna dei corrieri. <br>Prima di entrare nel condominio, il corriere verr\u00e0 identificato e verificato in tempo reale. Potr\u00e0 entrare nell\u2019edificio solo per consegnare i pacchi Amazon, in modo tale da rendere il servizio ancora pi\u00f9 sicuro.<\/p>\n\n\n\n<p>Il servizio di Amazon Key accorcia i tempi, consentendo efficienza e, al tempo stesso, sicurezza per le persone. Chiedi l&#8217;attivazione al tuo Amministratore.<\/p>\n<\/div><\/div>\n\n\n\n<div class=\"wp-block-media-text has-media-on-the-right is-stacked-on-mobile is-vertically-aligned-center has-ast-global-color-5-background-color has-background has-large-font-size\" style=\"margin-top:0;margin-right:0;margin-bottom:0;margin-left:0;padding-top:var(--wp--preset--spacing--40);padding-right:0;padding-bottom:var(--wp--preset--spacing--40);padding-left:0;grid-template-columns:auto 42%\"><div class=\"wp-block-media-text__content\">\n<h3 class=\"wp-block-heading has-ast-global-color-2-color has-text-color has-link-color wp-elements-131b3bcbde6cebcc9f36040d37f6de14\">Sei interessato alla soluzione accessi di Laserwall?<\/h3>\n\n\n\n<div class=\"wp-block-buttons is-layout-flex wp-block-buttons-is-layout-flex\">\n<div class=\"wp-block-button has-custom-width wp-block-button__width-75\"><a class=\"wp-block-button__link wp-element-button\" href=\"https:\/\/laserwall.it\/web\/contattaci\"><strong><mark style=\"background-color:rgba(0, 0, 0, 0)\" class=\"has-inline-color has-ast-global-color-5-color\">Contattaci &gt;<\/mark><\/strong><\/a><\/div>\n<\/div>\n<\/div><figure class=\"wp-block-media-text__media\"><a href=\"https:\/\/laserwall.it\/web\/contattaci\"><img loading=\"lazy\" decoding=\"async\" width=\"1024\" height=\"815\" src=\"https:\/\/laserwall.it\/web\/wp-content\/uploads\/2024\/10\/laserwallkey-1024x815.png\" alt=\"L'app Laserwall permette di gestire l'apertura dei portoni condominiali o del passo carraio\" class=\"wp-image-432 size-full\" srcset=\"https:\/\/laserwall.it\/web\/wp-content\/uploads\/2024\/10\/laserwallkey-1024x815.png 1024w, https:\/\/laserwall.it\/web\/wp-content\/uploads\/2024\/10\/laserwallkey-300x239.png 300w, https:\/\/laserwall.it\/web\/wp-content\/uploads\/2024\/10\/laserwallkey-768x611.png 768w, https:\/\/laserwall.it\/web\/wp-content\/uploads\/2024\/10\/laserwallkey.png 1282w\" sizes=\"auto, (max-width: 1024px) 100vw, 1024px\" \/><\/a><\/figure><\/div>\n\n\n\n<div style=\"height:100px\" aria-hidden=\"true\" class=\"wp-block-spacer\"><\/div>\n","protected":false},"excerpt":{"rendered":"<p>Accessi digitali e controllati al condom\u00ecnio Accesso alle porte comuni del condom\u00ecnio Installata la Laserwall KEY, tutti i cond\u00f2mini possono utilizzare il sistema Gestione accessi Corrieri Amazon Con Amazon Key, i corrieri possono accedere in modo autonomo, anche quando non sei in casa. Sono abilitati solo il tempo della consegna Accesso ai fornitori Ditte di [&hellip;]<\/p>\n","protected":false},"author":1,"featured_media":0,"parent":0,"menu_order":0,"comment_status":"closed","ping_status":"closed","template":"","meta":{"inline_featured_image":false,"site-sidebar-layout":"default","site-content-layout":"","ast-site-content-layout":"default","site-content-style":"default","site-sidebar-style":"default","ast-global-header-display":"","ast-banner-title-visibility":"","ast-main-header-display":"","ast-hfb-above-header-display":"","ast-hfb-below-header-display":"","ast-hfb-mobile-header-display":"","site-post-title":"disabled","ast-breadcrumbs-content":"","ast-featured-img":"","footer-sml-layout":"","ast-disable-related-posts":"","theme-transparent-header-meta":"","adv-header-id-meta":"","stick-header-meta":"","header-above-stick-meta":"","header-main-stick-meta":"","header-below-stick-meta":"","astra-migrate-meta-layouts":"default","ast-page-background-enabled":"default","ast-page-background-meta":{"desktop":{"background-color":"var(--ast-global-color-4)","background-image":"","background-repeat":"repeat","background-position":"center center","background-size":"auto","background-attachment":"scroll","background-type":"","background-media":"","overlay-type":"","overlay-color":"","overlay-opacity":"","overlay-gradient":""},"tablet":{"background-color":"","background-image":"","background-repeat":"repeat","background-position":"center center","background-size":"auto","background-attachment":"scroll","background-type":"","background-media":"","overlay-type":"","overlay-color":"","overlay-opacity":"","overlay-gradient":""},"mobile":{"background-color":"","background-image":"","background-repeat":"repeat","background-position":"center center","background-size":"auto","background-attachment":"scroll","background-type":"","background-media":"","overlay-type":"","overlay-color":"","overlay-opacity":"","overlay-gradient":""}},"ast-content-background-meta":{"desktop":{"background-color":"var(--ast-global-color-5)","background-image":"","background-repeat":"repeat","background-position":"center center","background-size":"auto","background-attachment":"scroll","background-type":"","background-media":"","overlay-type":"","overlay-color":"","overlay-opacity":"","overlay-gradient":""},"tablet":{"background-color":"var(--ast-global-color-5)","background-image":"","background-repeat":"repeat","background-position":"center center","background-size":"auto","background-attachment":"scroll","background-type":"","background-media":"","overlay-type":"","overlay-color":"","overlay-opacity":"","overlay-gradient":""},"mobile":{"background-color":"var(--ast-global-color-5)","background-image":"","background-repeat":"repeat","background-position":"center center","background-size":"auto","background-attachment":"scroll","background-type":"","background-media":"","overlay-type":"","overlay-color":"","overlay-opacity":"","overlay-gradient":""}},"footnotes":""},"class_list":["post-3026","page","type-page","status-publish","hentry"],"yoast_head":"<!-- This site is optimized with the Yoast SEO plugin v27.4 - https:\/\/yoast.com\/product\/yoast-seo-wordpress\/ -->\n<title>Accessi digitali e controllati al tuo condominio - Laserwall<\/title>\n<meta name=\"robots\" content=\"index, follow, max-snippet:-1, max-image-preview:large, max-video-preview:-1\" \/>\n<link rel=\"canonical\" href=\"https:\/\/laserwall.it\/web\/accessi\" \/>\n<meta property=\"og:locale\" content=\"it_IT\" \/>\n<meta property=\"og:type\" content=\"article\" \/>\n<meta property=\"og:title\" content=\"Accessi digitali e controllati al tuo condominio - Laserwall\" \/>\n<meta property=\"og:description\" content=\"Accessi digitali e controllati al condom\u00ecnio Accesso alle porte comuni del condom\u00ecnio Installata la Laserwall KEY, tutti i cond\u00f2mini possono utilizzare il sistema Gestione accessi Corrieri Amazon Con Amazon Key, i corrieri possono accedere in modo autonomo, anche quando non sei in casa. Sono abilitati solo il tempo della consegna Accesso ai fornitori Ditte di [&hellip;]\" \/>\n<meta property=\"og:url\" content=\"https:\/\/laserwall.it\/web\/accessi\" \/>\n<meta property=\"og:site_name\" content=\"Laserwall\" \/>\n<meta property=\"article:publisher\" content=\"https:\/\/www.facebook.com\/laserwallsrl\" \/>\n<meta property=\"article:modified_time\" content=\"2026-04-02T08:22:12+00:00\" \/>\n<meta property=\"og:image\" content=\"https:\/\/laserwall.it\/web\/wp-content\/uploads\/2026\/03\/laserwall-accessi-1024x344.webp\" \/>\n<meta name=\"twitter:card\" content=\"summary_large_image\" \/>\n<meta name=\"twitter:site\" content=\"@Laserwall112459\" \/>\n<meta name=\"twitter:label1\" content=\"Tempo di lettura stimato\" \/>\n\t<meta name=\"twitter:data1\" content=\"4 minuti\" \/>\n<script type=\"application\/ld+json\" class=\"yoast-schema-graph\">{\"@context\":\"https:\\\/\\\/schema.org\",\"@graph\":[{\"@type\":\"WebPage\",\"@id\":\"https:\\\/\\\/laserwall.it\\\/web\\\/accessi\",\"url\":\"https:\\\/\\\/laserwall.it\\\/web\\\/accessi\",\"name\":\"Accessi digitali e controllati al tuo condominio - Laserwall\",\"isPartOf\":{\"@id\":\"https:\\\/\\\/laserwall.it\\\/web\\\/#website\"},\"primaryImageOfPage\":{\"@id\":\"https:\\\/\\\/laserwall.it\\\/web\\\/accessi#primaryimage\"},\"image\":{\"@id\":\"https:\\\/\\\/laserwall.it\\\/web\\\/accessi#primaryimage\"},\"thumbnailUrl\":\"https:\\\/\\\/laserwall.it\\\/web\\\/wp-content\\\/uploads\\\/2026\\\/03\\\/laserwall-accessi-1024x344.webp\",\"datePublished\":\"2026-03-30T12:54:53+00:00\",\"dateModified\":\"2026-04-02T08:22:12+00:00\",\"breadcrumb\":{\"@id\":\"https:\\\/\\\/laserwall.it\\\/web\\\/accessi#breadcrumb\"},\"inLanguage\":\"it-IT\",\"potentialAction\":[{\"@type\":\"ReadAction\",\"target\":[\"https:\\\/\\\/laserwall.it\\\/web\\\/accessi\"]}]},{\"@type\":\"ImageObject\",\"inLanguage\":\"it-IT\",\"@id\":\"https:\\\/\\\/laserwall.it\\\/web\\\/accessi#primaryimage\",\"url\":\"https:\\\/\\\/laserwall.it\\\/web\\\/wp-content\\\/uploads\\\/2026\\\/03\\\/laserwall-accessi.webp\",\"contentUrl\":\"https:\\\/\\\/laserwall.it\\\/web\\\/wp-content\\\/uploads\\\/2026\\\/03\\\/laserwall-accessi.webp\",\"width\":1200,\"height\":403},{\"@type\":\"BreadcrumbList\",\"@id\":\"https:\\\/\\\/laserwall.it\\\/web\\\/accessi#breadcrumb\",\"itemListElement\":[{\"@type\":\"ListItem\",\"position\":1,\"name\":\"Home\",\"item\":\"https:\\\/\\\/laserwall.it\\\/web\\\/\"},{\"@type\":\"ListItem\",\"position\":2,\"name\":\"Accessi digitali e controllati al tuo condominio\"}]},{\"@type\":\"WebSite\",\"@id\":\"https:\\\/\\\/laserwall.it\\\/web\\\/#website\",\"url\":\"https:\\\/\\\/laserwall.it\\\/web\\\/\",\"name\":\"Laserwall\",\"description\":\"\",\"publisher\":{\"@id\":\"https:\\\/\\\/laserwall.it\\\/web\\\/#organization\"},\"potentialAction\":[{\"@type\":\"SearchAction\",\"target\":{\"@type\":\"EntryPoint\",\"urlTemplate\":\"https:\\\/\\\/laserwall.it\\\/web\\\/?s={search_term_string}\"},\"query-input\":{\"@type\":\"PropertyValueSpecification\",\"valueRequired\":true,\"valueName\":\"search_term_string\"}}],\"inLanguage\":\"it-IT\"},{\"@type\":\"Organization\",\"@id\":\"https:\\\/\\\/laserwall.it\\\/web\\\/#organization\",\"name\":\"Laserwall\",\"url\":\"https:\\\/\\\/laserwall.it\\\/web\\\/\",\"logo\":{\"@type\":\"ImageObject\",\"inLanguage\":\"it-IT\",\"@id\":\"https:\\\/\\\/laserwall.it\\\/web\\\/#\\\/schema\\\/logo\\\/image\\\/\",\"url\":\"https:\\\/\\\/laserwall.it\\\/web\\\/wp-content\\\/uploads\\\/2024\\\/10\\\/cropped-logo2024-2.png\",\"contentUrl\":\"https:\\\/\\\/laserwall.it\\\/web\\\/wp-content\\\/uploads\\\/2024\\\/10\\\/cropped-logo2024-2.png\",\"width\":180,\"height\":60,\"caption\":\"Laserwall\"},\"image\":{\"@id\":\"https:\\\/\\\/laserwall.it\\\/web\\\/#\\\/schema\\\/logo\\\/image\\\/\"},\"sameAs\":[\"https:\\\/\\\/www.facebook.com\\\/laserwallsrl\",\"https:\\\/\\\/x.com\\\/Laserwall112459\",\"https:\\\/\\\/www.instagram.com\\\/laserwallsrl\\\/\",\"https:\\\/\\\/www.linkedin.com\\\/company\\\/laserwall-srl\",\"https:\\\/\\\/www.youtube.com\\\/@laserwallsrl\"]}]}<\/script>\n<!-- \/ Yoast SEO plugin. -->","yoast_head_json":{"title":"Accessi digitali e controllati al tuo condominio - Laserwall","robots":{"index":"index","follow":"follow","max-snippet":"max-snippet:-1","max-image-preview":"max-image-preview:large","max-video-preview":"max-video-preview:-1"},"canonical":"https:\/\/laserwall.it\/web\/accessi","og_locale":"it_IT","og_type":"article","og_title":"Accessi digitali e controllati al tuo condominio - Laserwall","og_description":"Accessi digitali e controllati al condom\u00ecnio Accesso alle porte comuni del condom\u00ecnio Installata la Laserwall KEY, tutti i cond\u00f2mini possono utilizzare il sistema Gestione accessi Corrieri Amazon Con Amazon Key, i corrieri possono accedere in modo autonomo, anche quando non sei in casa. Sono abilitati solo il tempo della consegna Accesso ai fornitori Ditte di [&hellip;]","og_url":"https:\/\/laserwall.it\/web\/accessi","og_site_name":"Laserwall","article_publisher":"https:\/\/www.facebook.com\/laserwallsrl","article_modified_time":"2026-04-02T08:22:12+00:00","og_image":[{"url":"https:\/\/laserwall.it\/web\/wp-content\/uploads\/2026\/03\/laserwall-accessi-1024x344.webp","type":"","width":"","height":""}],"twitter_card":"summary_large_image","twitter_site":"@Laserwall112459","twitter_misc":{"Tempo di lettura stimato":"4 minuti"},"schema":{"@context":"https:\/\/schema.org","@graph":[{"@type":"WebPage","@id":"https:\/\/laserwall.it\/web\/accessi","url":"https:\/\/laserwall.it\/web\/accessi","name":"Accessi digitali e controllati al tuo condominio - Laserwall","isPartOf":{"@id":"https:\/\/laserwall.it\/web\/#website"},"primaryImageOfPage":{"@id":"https:\/\/laserwall.it\/web\/accessi#primaryimage"},"image":{"@id":"https:\/\/laserwall.it\/web\/accessi#primaryimage"},"thumbnailUrl":"https:\/\/laserwall.it\/web\/wp-content\/uploads\/2026\/03\/laserwall-accessi-1024x344.webp","datePublished":"2026-03-30T12:54:53+00:00","dateModified":"2026-04-02T08:22:12+00:00","breadcrumb":{"@id":"https:\/\/laserwall.it\/web\/accessi#breadcrumb"},"inLanguage":"it-IT","potentialAction":[{"@type":"ReadAction","target":["https:\/\/laserwall.it\/web\/accessi"]}]},{"@type":"ImageObject","inLanguage":"it-IT","@id":"https:\/\/laserwall.it\/web\/accessi#primaryimage","url":"https:\/\/laserwall.it\/web\/wp-content\/uploads\/2026\/03\/laserwall-accessi.webp","contentUrl":"https:\/\/laserwall.it\/web\/wp-content\/uploads\/2026\/03\/laserwall-accessi.webp","width":1200,"height":403},{"@type":"BreadcrumbList","@id":"https:\/\/laserwall.it\/web\/accessi#breadcrumb","itemListElement":[{"@type":"ListItem","position":1,"name":"Home","item":"https:\/\/laserwall.it\/web\/"},{"@type":"ListItem","position":2,"name":"Accessi digitali e controllati al tuo condominio"}]},{"@type":"WebSite","@id":"https:\/\/laserwall.it\/web\/#website","url":"https:\/\/laserwall.it\/web\/","name":"Laserwall","description":"","publisher":{"@id":"https:\/\/laserwall.it\/web\/#organization"},"potentialAction":[{"@type":"SearchAction","target":{"@type":"EntryPoint","urlTemplate":"https:\/\/laserwall.it\/web\/?s={search_term_string}"},"query-input":{"@type":"PropertyValueSpecification","valueRequired":true,"valueName":"search_term_string"}}],"inLanguage":"it-IT"},{"@type":"Organization","@id":"https:\/\/laserwall.it\/web\/#organization","name":"Laserwall","url":"https:\/\/laserwall.it\/web\/","logo":{"@type":"ImageObject","inLanguage":"it-IT","@id":"https:\/\/laserwall.it\/web\/#\/schema\/logo\/image\/","url":"https:\/\/laserwall.it\/web\/wp-content\/uploads\/2024\/10\/cropped-logo2024-2.png","contentUrl":"https:\/\/laserwall.it\/web\/wp-content\/uploads\/2024\/10\/cropped-logo2024-2.png","width":180,"height":60,"caption":"Laserwall"},"image":{"@id":"https:\/\/laserwall.it\/web\/#\/schema\/logo\/image\/"},"sameAs":["https:\/\/www.facebook.com\/laserwallsrl","https:\/\/x.com\/Laserwall112459","https:\/\/www.instagram.com\/laserwallsrl\/","https:\/\/www.linkedin.com\/company\/laserwall-srl","https:\/\/www.youtube.com\/@laserwallsrl"]}]}},"_links":{"self":[{"href":"https:\/\/laserwall.it\/web\/wp-json\/wp\/v2\/pages\/3026","targetHints":{"allow":["GET"]}}],"collection":[{"href":"https:\/\/laserwall.it\/web\/wp-json\/wp\/v2\/pages"}],"about":[{"href":"https:\/\/laserwall.it\/web\/wp-json\/wp\/v2\/types\/page"}],"author":[{"embeddable":true,"href":"https:\/\/laserwall.it\/web\/wp-json\/wp\/v2\/users\/1"}],"replies":[{"embeddable":true,"href":"https:\/\/laserwall.it\/web\/wp-json\/wp\/v2\/comments?post=3026"}],"version-history":[{"count":8,"href":"https:\/\/laserwall.it\/web\/wp-json\/wp\/v2\/pages\/3026\/revisions"}],"predecessor-version":[{"id":3045,"href":"https:\/\/laserwall.it\/web\/wp-json\/wp\/v2\/pages\/3026\/revisions\/3045"}],"wp:attachment":[{"href":"https:\/\/laserwall.it\/web\/wp-json\/wp\/v2\/media?parent=3026"}],"curies":[{"name":"wp","href":"https:\/\/api.w.org\/{rel}","templated":true}]}}