{"id":458,"date":"2024-10-10T17:11:50","date_gmt":"2024-10-10T15:11:50","guid":{"rendered":"https:\/\/laserwall.it\/web\/?page_id=458"},"modified":"2025-10-10T12:36:07","modified_gmt":"2025-10-10T10:36:07","slug":"energy-plus-caldaia-nuova","status":"publish","type":"page","link":"https:\/\/laserwall.it\/web\/prodotti\/energy-plus-caldaia-nuova","title":{"rendered":"ENERGY PLUS | Caldaia +"},"content":{"rendered":"\n<div class=\"wp-block-cover alignfull\" style=\"margin-bottom:var(--wp--preset--spacing--30)\"><img loading=\"lazy\" decoding=\"async\" width=\"1200\" height=\"448\" class=\"wp-block-cover__image-background wp-image-1405\" alt=\"\" src=\"https:\/\/laserwall.it\/web\/wp-content\/uploads\/2024\/11\/energy-plus-lunga.webp\" data-object-fit=\"cover\" srcset=\"https:\/\/laserwall.it\/web\/wp-content\/uploads\/2024\/11\/energy-plus-lunga.webp 1200w, https:\/\/laserwall.it\/web\/wp-content\/uploads\/2024\/11\/energy-plus-lunga-300x112.webp 300w, https:\/\/laserwall.it\/web\/wp-content\/uploads\/2024\/11\/energy-plus-lunga-1024x382.webp 1024w, https:\/\/laserwall.it\/web\/wp-content\/uploads\/2024\/11\/energy-plus-lunga-768x287.webp 768w\" sizes=\"auto, (max-width: 1200px) 100vw, 1200px\" \/><span aria-hidden=\"true\" class=\"wp-block-cover__background has-background-dim\" style=\"background-color:#565e6b\"><\/span><div class=\"wp-block-cover__inner-container is-layout-flow wp-block-cover-is-layout-flow\">\n<p class=\"has-text-align-center has-large-font-size\"><\/p>\n<\/div><\/div>\n\n\n<div class=\"yoast-breadcrumbs\"><span><span><a href=\"https:\/\/laserwall.it\/web\/\">Home<\/a><\/span> &gt; <span><a href=\"https:\/\/laserwall.it\/web\/prodotti\">Prodotti<\/a><\/span> &gt; <span class=\"breadcrumb_last\" aria-current=\"page\">ENERGY PLUS | Caldaia +<\/span><\/span><\/div>\n\n\n<h1 class=\"wp-block-heading has-ast-global-color-1-color has-text-color has-link-color wp-elements-fcc757d6985c8c39fd527a5397af57cd\">Laserwall Caldaia +, il cambio caldaia che si ripaga da solo<\/h1>\n\n\n\n<p>La caldaia di un condominio \u00e8 sempre fonte di discussioni perch\u00e9 da essa dipendono le voci pi\u00f9 consistenti nelle spese condominiali. <br>Fortunatamente la tecnologia si evolve e dopo essere passati dalle caldaie a carbone, a quelle a gasolio e a quelle a gas, si \u00e8 arrivati agli impianti aerotermici a pompa di calore (<a href=\"https:\/\/www.idealista.it\/news\/finanza\/casa\/2022\/11\/29\/170641-cose-lenergia-aerotermica-e-come-funziona-lutilizzo-che-se-ne-puo-fare-in-casa\" target=\"_blank\" rel=\"noreferrer noopener\">approfondisci su Idealista<\/a>), che quando sono affiancati da un impianto fotovoltaico permettono un risparmio talmente notevole da ripagarsi l&#8217;investimento in pochi anni.<\/p>\n\n\n\n<h3 class=\"wp-block-heading\" style=\"padding-top:var(--wp--preset--spacing--40);padding-bottom:var(--wp--preset--spacing--40)\">Le soluzioni a disposizioni dei condomini per le spese straordinarie come il cambio caldaia<\/h3>\n\n\n\n<div class=\"wp-block-columns has-ast-global-color-5-background-color has-background is-layout-flex wp-container-core-columns-is-layout-1840e2cc wp-block-columns-is-layout-flex\" style=\"border-style:none;border-width:0px;margin-top:0;margin-bottom:var(--wp--preset--spacing--50)\">\n<div class=\"wp-block-column is-vertically-aligned-top is-layout-flow wp-container-core-column-is-layout-8a368f38 wp-block-column-is-layout-flow\">\n<h5 class=\"wp-block-heading has-text-align-center\"><mark style=\"background-color:rgba(0, 0, 0, 0)\" class=\"has-inline-color has-ast-global-color-0-color\">Anticipo cond\u00f2mini o utilizzo<br>fondi di riserva<\/mark><\/h5>\n\n\n\n<p class=\"has-text-align-left\">I cond\u00f2mini anticipano l\u2019investimento e\/o vengono usati i fondi di riserva del condominio<\/p>\n\n\n\n<p><strong>VANTAGGI<\/strong><br>Non vengono pagati interessi<br><strong>SVANTAGGI<\/strong><br>Finch\u00e9 non sono stati raccolti tutti i fondi non \u00e8 possibile iniziare i lavori. <br>L\u2019esborso per singolo cond\u00f2mino potrebbe risultare insostenibile, non permettendo l\u2019avvio dei lavori.<br>Il committente riceve gran parte dei fondi all\u2019inizio e nel caso fermi i lavori \u00e8 difficile recuperarli.<\/p>\n<\/div>\n\n\n\n<div class=\"wp-block-column is-vertically-aligned-top is-layout-flow wp-container-core-column-is-layout-8a368f38 wp-block-column-is-layout-flow\">\n<h5 class=\"wp-block-heading has-text-align-center\"><mark style=\"background-color:rgba(0, 0, 0, 0)\" class=\"has-inline-color has-ast-global-color-0-color\">Rate straordinarie nell&#8217;anno successivo<\/mark><\/h5>\n\n\n\n<p class=\"has-text-align-left\">I cond\u00f2mini pagano l\u2019intero ammontare in un numero ridotto di rate straordinarie che solitamente non supera l&#8217;anno<\/p>\n\n\n\n<p><strong>VANTAGGI<\/strong><br>Non vengono pagati interessi<br><strong>SVANTAGGI<\/strong><br>Gli esborsi dei cond\u00f2mini per il pagamento delle rate ord. e straord. potrebbe raggiungere cifre elevate.<br>Se qualche condomino non \u00e8 in grado di pagare le rate straordinarie non ci sono fondi sufficienti per continuare i lavori.<\/p>\n<\/div>\n\n\n\n<div class=\"wp-block-column is-vertically-aligned-top is-layout-flow wp-container-core-column-is-layout-8a368f38 wp-block-column-is-layout-flow\">\n<h5 class=\"wp-block-heading has-text-align-center\"><mark style=\"background-color:rgba(0, 0, 0, 0)\" class=\"has-inline-color has-ast-global-color-0-color\">Finanziamento<\/mark><\/h5>\n\n\n\n<p class=\"has-text-align-left\">I cond\u00f2mini accedono ad un finanziamento che riduce l\u2019investimento in rate pluriennali<\/p>\n\n\n\n<p><strong>VANTAGGI<\/strong><br>Distribuzione della spesa in periodi medio lunghi. Inizio dei lavori in tempi veloci.<br>Nessun elevato esborso iniziale.<br>Verifiche dell\u2019andamento dei lavori da parte istituto bancario per emissione pagamenti.<br><strong>SVANTAGGI<\/strong><br>Pagamento di interessi e pratiche burocratiche.<\/p>\n<\/div>\n<\/div>\n\n\n\n<div class=\"wp-block-media-text is-stacked-on-mobile\" style=\"grid-template-columns:39% auto\"><figure class=\"wp-block-media-text__media\"><a href=\"https:\/\/web.laserwall.it\/web\/immagini\/bacheca-laserwall-di-esempio\"><img loading=\"lazy\" decoding=\"async\" width=\"870\" height=\"511\" src=\"https:\/\/laserwall.it\/web\/wp-content\/uploads\/2024\/10\/finanziamento-caldaia.jpg\" alt=\"\" class=\"wp-image-474 size-full\" srcset=\"https:\/\/laserwall.it\/web\/wp-content\/uploads\/2024\/10\/finanziamento-caldaia.jpg 870w, https:\/\/laserwall.it\/web\/wp-content\/uploads\/2024\/10\/finanziamento-caldaia-300x176.jpg 300w, https:\/\/laserwall.it\/web\/wp-content\/uploads\/2024\/10\/finanziamento-caldaia-768x451.jpg 768w\" sizes=\"auto, (max-width: 870px) 100vw, 870px\" \/><\/a><\/figure><div class=\"wp-block-media-text__content\">\n<h4 class=\"wp-block-heading\"><strong>I Finanziamenti Laserwall<\/strong><\/h4>\n\n\n\n<p>Laserwall grazie al proprio rilevante partner bancario (con quasi 200 anni di storia e presenza capillare sul territorio), \u00e8 in grado di fornire la miglior soluzione per finanziare i lavori straordinari del condominio.<\/p>\n\n\n\n<p><strong>FINANZIAMENTO CLASSICO<\/strong><\/p>\n\n\n\n<ul class=\"wp-block-list\">\n<li>Fino ad un massimo di 10 anni<\/li>\n\n\n\n<li>Tasso fisso<\/li>\n\n\n\n<li>Limite finanziabile di 20.000 \u20ac per proprietario<\/li>\n<\/ul>\n\n\n\n<p><strong>FINANZIAMENTO CALDAIA +<\/strong><br><br>Con l\u2019innovativo finanziamento Caldaia+\/Energy Plus, sostituisci la centrale termica e puoi arrivare a non pagare 1 euro in pi\u00f9 rispetto a oggi*. Come?<br>Grazie al risparmio energetico derivato che va a coprire i costi della centrale, dell\u2019installazione e della manutenzione. <br>Con una durata minima di 10 anni, adottando il nostro operatore energetico per la verifica ed ottimizzazione dei consumi. E dopo 15 anni puoi risparmiare pi\u00f9 del 50% rispetto a oggi.<\/p>\n\n\n\n<p class=\"has-small-font-size\">*= Caso pi\u00f9 favorevole, dipendente dall\u2019impianto e dal tipo di intervento<\/p>\n<\/div><\/div>\n\n\n\n<div class=\"wp-block-media-text has-media-on-the-right is-stacked-on-mobile\"><div class=\"wp-block-media-text__content\">\n<h3 class=\"wp-block-heading\">Sei un Amministratore o un Cond\u00f2mino\/Utente interessato?<\/h3>\n\n\n\n<div class=\"wp-block-buttons is-layout-flex wp-block-buttons-is-layout-flex\">\n<div class=\"wp-block-button has-custom-width wp-block-button__width-75\"><a class=\"wp-block-button__link wp-element-button\" href=\"https:\/\/laserwall.it\/web\/contattaci\" style=\"border-radius:12px\"><strong><mark style=\"background-color:rgba(0, 0, 0, 0)\" class=\"has-inline-color has-ast-global-color-5-color\">Contattaci &gt;<\/mark><\/strong><\/a><\/div>\n<\/div>\n<\/div><figure class=\"wp-block-media-text__media\"><a href=\"https:\/\/laserwall.it\/web\/contattaci\"><img loading=\"lazy\" decoding=\"async\" width=\"1024\" height=\"858\" src=\"https:\/\/web.laserwall.it\/wp-content\/uploads\/2024\/10\/bacheca2-1024x858.webp\" alt=\"\" class=\"wp-image-392 size-full\" srcset=\"https:\/\/laserwall.it\/web\/wp-content\/uploads\/2024\/10\/bacheca2-1024x858.webp 1024w, https:\/\/laserwall.it\/web\/wp-content\/uploads\/2024\/10\/bacheca2-300x251.webp 300w, https:\/\/laserwall.it\/web\/wp-content\/uploads\/2024\/10\/bacheca2-768x643.webp 768w, https:\/\/laserwall.it\/web\/wp-content\/uploads\/2024\/10\/bacheca2.webp 1362w\" sizes=\"auto, (max-width: 1024px) 100vw, 1024px\" \/><\/a><\/figure><\/div>\n\n\n\n<p><\/p>\n","protected":false},"excerpt":{"rendered":"<p>Laserwall Caldaia +, il cambio caldaia che si ripaga da solo La caldaia di un condominio \u00e8 sempre fonte di discussioni perch\u00e9 da essa dipendono le voci pi\u00f9 consistenti nelle spese condominiali. Fortunatamente la tecnologia si evolve e dopo essere passati dalle caldaie a carbone, a quelle a gasolio e a quelle a gas, si [&hellip;]<\/p>\n","protected":false},"author":1,"featured_media":0,"parent":29,"menu_order":0,"comment_status":"closed","ping_status":"closed","template":"","meta":{"inline_featured_image":false,"site-sidebar-layout":"default","site-content-layout":"","ast-site-content-layout":"default","site-content-style":"default","site-sidebar-style":"default","ast-global-header-display":"","ast-banner-title-visibility":"","ast-main-header-display":"","ast-hfb-above-header-display":"","ast-hfb-below-header-display":"","ast-hfb-mobile-header-display":"","site-post-title":"disabled","ast-breadcrumbs-content":"","ast-featured-img":"","footer-sml-layout":"","ast-disable-related-posts":"","theme-transparent-header-meta":"","adv-header-id-meta":"","stick-header-meta":"","header-above-stick-meta":"","header-main-stick-meta":"","header-below-stick-meta":"","astra-migrate-meta-layouts":"default","ast-page-background-enabled":"default","ast-page-background-meta":{"desktop":{"background-color":"var(--ast-global-color-4)","background-image":"","background-repeat":"repeat","background-position":"center center","background-size":"auto","background-attachment":"scroll","background-type":"","background-media":"","overlay-type":"","overlay-color":"","overlay-opacity":"","overlay-gradient":""},"tablet":{"background-color":"","background-image":"","background-repeat":"repeat","background-position":"center center","background-size":"auto","background-attachment":"scroll","background-type":"","background-media":"","overlay-type":"","overlay-color":"","overlay-opacity":"","overlay-gradient":""},"mobile":{"background-color":"","background-image":"","background-repeat":"repeat","background-position":"center center","background-size":"auto","background-attachment":"scroll","background-type":"","background-media":"","overlay-type":"","overlay-color":"","overlay-opacity":"","overlay-gradient":""}},"ast-content-background-meta":{"desktop":{"background-color":"var(--ast-global-color-5)","background-image":"","background-repeat":"repeat","background-position":"center center","background-size":"auto","background-attachment":"scroll","background-type":"","background-media":"","overlay-type":"","overlay-color":"","overlay-opacity":"","overlay-gradient":""},"tablet":{"background-color":"var(--ast-global-color-5)","background-image":"","background-repeat":"repeat","background-position":"center center","background-size":"auto","background-attachment":"scroll","background-type":"","background-media":"","overlay-type":"","overlay-color":"","overlay-opacity":"","overlay-gradient":""},"mobile":{"background-color":"var(--ast-global-color-5)","background-image":"","background-repeat":"repeat","background-position":"center center","background-size":"auto","background-attachment":"scroll","background-type":"","background-media":"","overlay-type":"","overlay-color":"","overlay-opacity":"","overlay-gradient":""}},"footnotes":""},"class_list":["post-458","page","type-page","status-publish","hentry"],"yoast_head":"<!-- This site is optimized with the Yoast SEO plugin v27.6 - https:\/\/yoast.com\/product\/yoast-seo-wordpress\/ -->\n<title>ENERGY PLUS | Caldaia + - Laserwall<\/title>\n<meta name=\"robots\" content=\"index, follow, max-snippet:-1, max-image-preview:large, max-video-preview:-1\" \/>\n<link rel=\"canonical\" href=\"https:\/\/laserwall.it\/web\/prodotti\/energy-plus-caldaia-nuova\" \/>\n<meta property=\"og:locale\" content=\"it_IT\" \/>\n<meta property=\"og:type\" content=\"article\" \/>\n<meta property=\"og:title\" content=\"ENERGY PLUS | Caldaia + - Laserwall\" \/>\n<meta property=\"og:description\" content=\"Laserwall Caldaia +, il cambio caldaia che si ripaga da solo La caldaia di un condominio \u00e8 sempre fonte di discussioni perch\u00e9 da essa dipendono le voci pi\u00f9 consistenti nelle spese condominiali. Fortunatamente la tecnologia si evolve e dopo essere passati dalle caldaie a carbone, a quelle a gasolio e a quelle a gas, si [&hellip;]\" \/>\n<meta property=\"og:url\" content=\"https:\/\/laserwall.it\/web\/prodotti\/energy-plus-caldaia-nuova\" \/>\n<meta property=\"og:site_name\" content=\"Laserwall\" \/>\n<meta property=\"article:publisher\" content=\"https:\/\/www.facebook.com\/laserwallsrl\" \/>\n<meta property=\"article:modified_time\" content=\"2025-10-10T10:36:07+00:00\" \/>\n<meta property=\"og:image\" content=\"https:\/\/laserwall.it\/web\/wp-content\/uploads\/2024\/11\/energy-plus-lunga.webp\" \/>\n<meta name=\"twitter:card\" content=\"summary_large_image\" \/>\n<meta name=\"twitter:site\" content=\"@Laserwall112459\" \/>\n<meta name=\"twitter:label1\" content=\"Tempo di lettura stimato\" \/>\n\t<meta name=\"twitter:data1\" content=\"3 minuti\" \/>\n<script type=\"application\/ld+json\" class=\"yoast-schema-graph\">{\"@context\":\"https:\\\/\\\/schema.org\",\"@graph\":[{\"@type\":\"WebPage\",\"@id\":\"https:\\\/\\\/laserwall.it\\\/web\\\/prodotti\\\/energy-plus-caldaia-nuova\",\"url\":\"https:\\\/\\\/laserwall.it\\\/web\\\/prodotti\\\/energy-plus-caldaia-nuova\",\"name\":\"ENERGY PLUS | Caldaia + - Laserwall\",\"isPartOf\":{\"@id\":\"https:\\\/\\\/laserwall.it\\\/web\\\/#website\"},\"primaryImageOfPage\":{\"@id\":\"https:\\\/\\\/laserwall.it\\\/web\\\/prodotti\\\/energy-plus-caldaia-nuova#primaryimage\"},\"image\":{\"@id\":\"https:\\\/\\\/laserwall.it\\\/web\\\/prodotti\\\/energy-plus-caldaia-nuova#primaryimage\"},\"thumbnailUrl\":\"https:\\\/\\\/laserwall.it\\\/web\\\/wp-content\\\/uploads\\\/2024\\\/11\\\/energy-plus-lunga.webp\",\"datePublished\":\"2024-10-10T15:11:50+00:00\",\"dateModified\":\"2025-10-10T10:36:07+00:00\",\"breadcrumb\":{\"@id\":\"https:\\\/\\\/laserwall.it\\\/web\\\/prodotti\\\/energy-plus-caldaia-nuova#breadcrumb\"},\"inLanguage\":\"it-IT\",\"potentialAction\":[{\"@type\":\"ReadAction\",\"target\":[\"https:\\\/\\\/laserwall.it\\\/web\\\/prodotti\\\/energy-plus-caldaia-nuova\"]}]},{\"@type\":\"ImageObject\",\"inLanguage\":\"it-IT\",\"@id\":\"https:\\\/\\\/laserwall.it\\\/web\\\/prodotti\\\/energy-plus-caldaia-nuova#primaryimage\",\"url\":\"https:\\\/\\\/laserwall.it\\\/web\\\/wp-content\\\/uploads\\\/2024\\\/11\\\/energy-plus-lunga.webp\",\"contentUrl\":\"https:\\\/\\\/laserwall.it\\\/web\\\/wp-content\\\/uploads\\\/2024\\\/11\\\/energy-plus-lunga.webp\",\"width\":1200,\"height\":448},{\"@type\":\"BreadcrumbList\",\"@id\":\"https:\\\/\\\/laserwall.it\\\/web\\\/prodotti\\\/energy-plus-caldaia-nuova#breadcrumb\",\"itemListElement\":[{\"@type\":\"ListItem\",\"position\":1,\"name\":\"Home\",\"item\":\"https:\\\/\\\/laserwall.it\\\/web\\\/\"},{\"@type\":\"ListItem\",\"position\":2,\"name\":\"Prodotti\",\"item\":\"https:\\\/\\\/laserwall.it\\\/web\\\/prodotti\"},{\"@type\":\"ListItem\",\"position\":3,\"name\":\"ENERGY PLUS | Caldaia +\"}]},{\"@type\":\"WebSite\",\"@id\":\"https:\\\/\\\/laserwall.it\\\/web\\\/#website\",\"url\":\"https:\\\/\\\/laserwall.it\\\/web\\\/\",\"name\":\"Laserwall\",\"description\":\"\",\"publisher\":{\"@id\":\"https:\\\/\\\/laserwall.it\\\/web\\\/#organization\"},\"potentialAction\":[{\"@type\":\"SearchAction\",\"target\":{\"@type\":\"EntryPoint\",\"urlTemplate\":\"https:\\\/\\\/laserwall.it\\\/web\\\/?s={search_term_string}\"},\"query-input\":{\"@type\":\"PropertyValueSpecification\",\"valueRequired\":true,\"valueName\":\"search_term_string\"}}],\"inLanguage\":\"it-IT\"},{\"@type\":\"Organization\",\"@id\":\"https:\\\/\\\/laserwall.it\\\/web\\\/#organization\",\"name\":\"Laserwall\",\"url\":\"https:\\\/\\\/laserwall.it\\\/web\\\/\",\"logo\":{\"@type\":\"ImageObject\",\"inLanguage\":\"it-IT\",\"@id\":\"https:\\\/\\\/laserwall.it\\\/web\\\/#\\\/schema\\\/logo\\\/image\\\/\",\"url\":\"https:\\\/\\\/laserwall.it\\\/web\\\/wp-content\\\/uploads\\\/2024\\\/10\\\/cropped-logo2024-2.png\",\"contentUrl\":\"https:\\\/\\\/laserwall.it\\\/web\\\/wp-content\\\/uploads\\\/2024\\\/10\\\/cropped-logo2024-2.png\",\"width\":180,\"height\":60,\"caption\":\"Laserwall\"},\"image\":{\"@id\":\"https:\\\/\\\/laserwall.it\\\/web\\\/#\\\/schema\\\/logo\\\/image\\\/\"},\"sameAs\":[\"https:\\\/\\\/www.facebook.com\\\/laserwallsrl\",\"https:\\\/\\\/x.com\\\/Laserwall112459\",\"https:\\\/\\\/www.instagram.com\\\/laserwallsrl\\\/\",\"https:\\\/\\\/www.linkedin.com\\\/company\\\/laserwall-srl\",\"https:\\\/\\\/www.youtube.com\\\/@laserwallsrl\"]}]}<\/script>\n<!-- \/ Yoast SEO plugin. -->","yoast_head_json":{"title":"ENERGY PLUS | Caldaia + - Laserwall","robots":{"index":"index","follow":"follow","max-snippet":"max-snippet:-1","max-image-preview":"max-image-preview:large","max-video-preview":"max-video-preview:-1"},"canonical":"https:\/\/laserwall.it\/web\/prodotti\/energy-plus-caldaia-nuova","og_locale":"it_IT","og_type":"article","og_title":"ENERGY PLUS | Caldaia + - Laserwall","og_description":"Laserwall Caldaia +, il cambio caldaia che si ripaga da solo La caldaia di un condominio \u00e8 sempre fonte di discussioni perch\u00e9 da essa dipendono le voci pi\u00f9 consistenti nelle spese condominiali. Fortunatamente la tecnologia si evolve e dopo essere passati dalle caldaie a carbone, a quelle a gasolio e a quelle a gas, si [&hellip;]","og_url":"https:\/\/laserwall.it\/web\/prodotti\/energy-plus-caldaia-nuova","og_site_name":"Laserwall","article_publisher":"https:\/\/www.facebook.com\/laserwallsrl","article_modified_time":"2025-10-10T10:36:07+00:00","og_image":[{"url":"https:\/\/laserwall.it\/web\/wp-content\/uploads\/2024\/11\/energy-plus-lunga.webp","type":"","width":"","height":""}],"twitter_card":"summary_large_image","twitter_site":"@Laserwall112459","twitter_misc":{"Tempo di lettura stimato":"3 minuti"},"schema":{"@context":"https:\/\/schema.org","@graph":[{"@type":"WebPage","@id":"https:\/\/laserwall.it\/web\/prodotti\/energy-plus-caldaia-nuova","url":"https:\/\/laserwall.it\/web\/prodotti\/energy-plus-caldaia-nuova","name":"ENERGY PLUS | Caldaia + - Laserwall","isPartOf":{"@id":"https:\/\/laserwall.it\/web\/#website"},"primaryImageOfPage":{"@id":"https:\/\/laserwall.it\/web\/prodotti\/energy-plus-caldaia-nuova#primaryimage"},"image":{"@id":"https:\/\/laserwall.it\/web\/prodotti\/energy-plus-caldaia-nuova#primaryimage"},"thumbnailUrl":"https:\/\/laserwall.it\/web\/wp-content\/uploads\/2024\/11\/energy-plus-lunga.webp","datePublished":"2024-10-10T15:11:50+00:00","dateModified":"2025-10-10T10:36:07+00:00","breadcrumb":{"@id":"https:\/\/laserwall.it\/web\/prodotti\/energy-plus-caldaia-nuova#breadcrumb"},"inLanguage":"it-IT","potentialAction":[{"@type":"ReadAction","target":["https:\/\/laserwall.it\/web\/prodotti\/energy-plus-caldaia-nuova"]}]},{"@type":"ImageObject","inLanguage":"it-IT","@id":"https:\/\/laserwall.it\/web\/prodotti\/energy-plus-caldaia-nuova#primaryimage","url":"https:\/\/laserwall.it\/web\/wp-content\/uploads\/2024\/11\/energy-plus-lunga.webp","contentUrl":"https:\/\/laserwall.it\/web\/wp-content\/uploads\/2024\/11\/energy-plus-lunga.webp","width":1200,"height":448},{"@type":"BreadcrumbList","@id":"https:\/\/laserwall.it\/web\/prodotti\/energy-plus-caldaia-nuova#breadcrumb","itemListElement":[{"@type":"ListItem","position":1,"name":"Home","item":"https:\/\/laserwall.it\/web\/"},{"@type":"ListItem","position":2,"name":"Prodotti","item":"https:\/\/laserwall.it\/web\/prodotti"},{"@type":"ListItem","position":3,"name":"ENERGY PLUS | Caldaia +"}]},{"@type":"WebSite","@id":"https:\/\/laserwall.it\/web\/#website","url":"https:\/\/laserwall.it\/web\/","name":"Laserwall","description":"","publisher":{"@id":"https:\/\/laserwall.it\/web\/#organization"},"potentialAction":[{"@type":"SearchAction","target":{"@type":"EntryPoint","urlTemplate":"https:\/\/laserwall.it\/web\/?s={search_term_string}"},"query-input":{"@type":"PropertyValueSpecification","valueRequired":true,"valueName":"search_term_string"}}],"inLanguage":"it-IT"},{"@type":"Organization","@id":"https:\/\/laserwall.it\/web\/#organization","name":"Laserwall","url":"https:\/\/laserwall.it\/web\/","logo":{"@type":"ImageObject","inLanguage":"it-IT","@id":"https:\/\/laserwall.it\/web\/#\/schema\/logo\/image\/","url":"https:\/\/laserwall.it\/web\/wp-content\/uploads\/2024\/10\/cropped-logo2024-2.png","contentUrl":"https:\/\/laserwall.it\/web\/wp-content\/uploads\/2024\/10\/cropped-logo2024-2.png","width":180,"height":60,"caption":"Laserwall"},"image":{"@id":"https:\/\/laserwall.it\/web\/#\/schema\/logo\/image\/"},"sameAs":["https:\/\/www.facebook.com\/laserwallsrl","https:\/\/x.com\/Laserwall112459","https:\/\/www.instagram.com\/laserwallsrl\/","https:\/\/www.linkedin.com\/company\/laserwall-srl","https:\/\/www.youtube.com\/@laserwallsrl"]}]}},"_links":{"self":[{"href":"https:\/\/laserwall.it\/web\/wp-json\/wp\/v2\/pages\/458","targetHints":{"allow":["GET"]}}],"collection":[{"href":"https:\/\/laserwall.it\/web\/wp-json\/wp\/v2\/pages"}],"about":[{"href":"https:\/\/laserwall.it\/web\/wp-json\/wp\/v2\/types\/page"}],"author":[{"embeddable":true,"href":"https:\/\/laserwall.it\/web\/wp-json\/wp\/v2\/users\/1"}],"replies":[{"embeddable":true,"href":"https:\/\/laserwall.it\/web\/wp-json\/wp\/v2\/comments?post=458"}],"version-history":[{"count":14,"href":"https:\/\/laserwall.it\/web\/wp-json\/wp\/v2\/pages\/458\/revisions"}],"predecessor-version":[{"id":2716,"href":"https:\/\/laserwall.it\/web\/wp-json\/wp\/v2\/pages\/458\/revisions\/2716"}],"up":[{"embeddable":true,"href":"https:\/\/laserwall.it\/web\/wp-json\/wp\/v2\/pages\/29"}],"wp:attachment":[{"href":"https:\/\/laserwall.it\/web\/wp-json\/wp\/v2\/media?parent=458"}],"curies":[{"name":"wp","href":"https:\/\/api.w.org\/{rel}","templated":true}]}}